{"id":78,"date":"2016-05-29T20:40:46","date_gmt":"2016-05-30T00:40:46","guid":{"rendered":"http:\/\/mahingan.homenet.org\/wp\/?page_id=78"},"modified":"2018-10-17T20:44:50","modified_gmt":"2018-10-18T00:44:50","slug":"le-sentier-wizzard-a-piedmont","status":"publish","type":"page","link":"https:\/\/mahingan.les4as.ca\/?page_id=78","title":{"rendered":"Le sentier Wizzard \u00e0 Piedmont"},"content":{"rendered":"<h1>R\u00e9sum\u00e9 de la randonn\u00e9e<\/h1>\n<p>C&rsquo;est par une belle journ\u00e9e ensoleill\u00e9e que nous avons emprunt\u00e9 le sentier, charg\u00e9s de nos sacs \u00e0 dos. Cette randonn\u00e9e nous a permis de faire de belles d\u00e9couvertes. Les caches (g\u00e9ocaching) rencontr\u00e9es sur notre chemin \u00e9taient tr\u00e8s bien con\u00e7ues et se mariaient tr\u00e8s bien avec leur environnement. Pour certaines d\u2019entre elles, nous avons d\u00fb chercher vraiment longtemps tellement elles \u00e9taient bien cach\u00e9es, mais aucune ne nous a r\u00e9sist\u00e9. La temp\u00e9rature \u00e9tait un peu chaude et les moustiques commen\u00e7aient \u00e0 prendre possession du territoire. Il y a deux points de vue\u00a0:\u00a0 un au sommet du mont Olympia et l&rsquo;autre nous permet d&rsquo;admirer le mont Avila.<\/p>\n<h1>Informations sur la randonn\u00e9e<\/h1>\n<p><strong>Date:<\/strong> 21 mai 2016<\/p>\n<p><strong>M\u00e9t\u00e9o:<\/strong> Ensoleill\u00e9 avec passage nuageux, 24\u00b0C<\/p>\n<p><strong>Nombre de caches cherch\u00e9es:<\/strong> 17<\/p>\n<p><strong>Nombre de caches trouv\u00e9es:<\/strong> 17<\/p>\n<p><strong>Distance:<\/strong> 6.3 Kilom\u00e8tres<\/p>\n<p><strong>Stationnement:<\/strong> Sur le Chemin du Roitelet<\/p>\n<p><strong>Lien vers la carte des sentiers:<\/strong> <a href=\"\/wp-content\/uploads\/cartes\/Regions\/Laurentides\/CartesPedStSoPiedmont_MRC(2).pdf\" rel=\"noopener noreferrer\">R\u00e9seaux de sentiers \/ Saint-Sauveur &amp; Piedmont<\/a><\/p>\n<p><strong>Fichier gpx pour le GPS:<\/strong> <a href=\"\/wp-content\/uploads\/gpx\/Track_Wizzard_Piedmont.gpx\" rel=\"noopener noreferrer\">Track_Wizzard_Piedmont.gpx<\/a><\/p>\n<p><strong>Parcours:<\/strong> Lin\u00e9aire<\/p>\n<p><strong>Liste des caches trouv\u00e9es:<\/strong><\/p>\n<p>GC4798G, GC2V8VF, GC6H6WC, GC4B4E0, GC6DXEF, GC6DFVZ, GC6DG56, GC6DG61, GC6DG6W, GC6DM06, GC6DMGF, GC6DMGP, GC6DFPV, GC5Y32J, GC6DE22, GC6DAFW, GC6DE43<\/p>\n<figure id=\"attachment_126\" aria-describedby=\"caption-attachment-126\" style=\"width: 640px\" class=\"wp-caption aligncenter\"><a href=\"\/wp-content\/uploads\/2016\/05\/CarteRandonnee.jpg\" rel=\"noopener noreferrer\"><img loading=\"lazy\" decoding=\"async\" class=\"wp-image-126 size-large\" src=\"https:\/\/mahingan.mooo.com\/wp-content\/uploads\/2016\/05\/CarteRandonnee-1024x621.jpg\" alt=\"\" width=\"640\" height=\"388\" srcset=\"https:\/\/mahingan.les4as.ca\/wp-content\/uploads\/2016\/05\/CarteRandonnee-1024x621.jpg 1024w, https:\/\/mahingan.les4as.ca\/wp-content\/uploads\/2016\/05\/CarteRandonnee-300x182.jpg 300w, https:\/\/mahingan.les4as.ca\/wp-content\/uploads\/2016\/05\/CarteRandonnee-768x466.jpg 768w, https:\/\/mahingan.les4as.ca\/wp-content\/uploads\/2016\/05\/CarteRandonnee-445x270.jpg 445w, https:\/\/mahingan.les4as.ca\/wp-content\/uploads\/2016\/05\/CarteRandonnee.jpg 1037w\" sizes=\"auto, (max-width: 640px) 100vw, 640px\" \/><\/a><figcaption id=\"caption-attachment-126\" class=\"wp-caption-text\">Trac\u00e9 GPS de la randonn\u00e9e Wizzard \u00e0 Piedmont.<\/figcaption><\/figure>\n<h1>Photos de la randonn\u00e9e<\/h1>\n<figure id=\"attachment_95\" aria-describedby=\"caption-attachment-95\" style=\"width: 640px\" class=\"wp-caption aligncenter\"><a href=\"\/wp-content\/uploads\/2016\/05\/DSCN0546-1280x960.jpg\" rel=\"noopener noreferrer\"><img loading=\"lazy\" decoding=\"async\" class=\"wp-image-95 size-large\" src=\"\/wp-content\/uploads\/2016\/05\/DSCN0546-1280x960-1024x768.jpg\" alt=\"D\u00e9but du sentier Wizzard \u00e0 Piedmont.\" width=\"640\" height=\"480\" srcset=\"https:\/\/mahingan.les4as.ca\/wp-content\/uploads\/2016\/05\/DSCN0546-1280x960-1024x768.jpg 1024w, https:\/\/mahingan.les4as.ca\/wp-content\/uploads\/2016\/05\/DSCN0546-1280x960-300x225.jpg 300w, https:\/\/mahingan.les4as.ca\/wp-content\/uploads\/2016\/05\/DSCN0546-1280x960-768x576.jpg 768w, https:\/\/mahingan.les4as.ca\/wp-content\/uploads\/2016\/05\/DSCN0546-1280x960-360x270.jpg 360w, https:\/\/mahingan.les4as.ca\/wp-content\/uploads\/2016\/05\/DSCN0546-1280x960.jpg 1280w\" sizes=\"auto, (max-width: 640px) 100vw, 640px\" \/><\/a><figcaption id=\"caption-attachment-95\" class=\"wp-caption-text\">D\u00e9but du sentier Wizzard \u00e0 Piedmont.<\/figcaption><\/figure>\n<figure id=\"attachment_102\" aria-describedby=\"caption-attachment-102\" style=\"width: 640px\" class=\"wp-caption aligncenter\"><a href=\"\/wp-content\/uploads\/2016\/05\/DSCN0549-1200x900.jpg\" rel=\"noopener noreferrer\"><img loading=\"lazy\" decoding=\"async\" class=\"wp-image-102 size-large\" src=\"\/wp-content\/uploads\/2016\/05\/DSCN0549-1200x900-1024x768.jpg\" alt=\"Une petite pause bien m\u00e9rit\u00e9e.\" width=\"640\" height=\"480\" srcset=\"https:\/\/mahingan.les4as.ca\/wp-content\/uploads\/2016\/05\/DSCN0549-1200x900-1024x768.jpg 1024w, https:\/\/mahingan.les4as.ca\/wp-content\/uploads\/2016\/05\/DSCN0549-1200x900-300x225.jpg 300w, https:\/\/mahingan.les4as.ca\/wp-content\/uploads\/2016\/05\/DSCN0549-1200x900-768x576.jpg 768w, https:\/\/mahingan.les4as.ca\/wp-content\/uploads\/2016\/05\/DSCN0549-1200x900-360x270.jpg 360w, https:\/\/mahingan.les4as.ca\/wp-content\/uploads\/2016\/05\/DSCN0549-1200x900.jpg 1200w\" sizes=\"auto, (max-width: 640px) 100vw, 640px\" \/><\/a><figcaption id=\"caption-attachment-102\" class=\"wp-caption-text\">Une petite pause bien m\u00e9rit\u00e9e.<\/figcaption><\/figure>\n<figure id=\"attachment_106\" aria-describedby=\"caption-attachment-106\" style=\"width: 640px\" class=\"wp-caption aligncenter\"><a href=\"\/wp-content\/uploads\/2016\/05\/DSCN0555-1200x900.jpg\" rel=\"noopener noreferrer\"><img loading=\"lazy\" decoding=\"async\" class=\"wp-image-106 size-large\" src=\"\/wp-content\/uploads\/2016\/05\/DSCN0555-1200x900-1024x768.jpg\" alt=\"Le retour des insectes piqueurs... \" width=\"640\" height=\"480\" srcset=\"https:\/\/mahingan.les4as.ca\/wp-content\/uploads\/2016\/05\/DSCN0555-1200x900-1024x768.jpg 1024w, https:\/\/mahingan.les4as.ca\/wp-content\/uploads\/2016\/05\/DSCN0555-1200x900-300x225.jpg 300w, https:\/\/mahingan.les4as.ca\/wp-content\/uploads\/2016\/05\/DSCN0555-1200x900-768x576.jpg 768w, https:\/\/mahingan.les4as.ca\/wp-content\/uploads\/2016\/05\/DSCN0555-1200x900-360x270.jpg 360w, https:\/\/mahingan.les4as.ca\/wp-content\/uploads\/2016\/05\/DSCN0555-1200x900.jpg 1200w\" sizes=\"auto, (max-width: 640px) 100vw, 640px\" \/><\/a><figcaption id=\"caption-attachment-106\" class=\"wp-caption-text\">Le retour des insectes piqueurs&#8230;<\/figcaption><\/figure>\n<figure id=\"attachment_104\" aria-describedby=\"caption-attachment-104\" style=\"width: 640px\" class=\"wp-caption aligncenter\"><a href=\"\/wp-content\/uploads\/2016\/05\/DSCN0553-1200x900.jpg\" rel=\"noopener noreferrer\"><img loading=\"lazy\" decoding=\"async\" class=\"wp-image-104 size-large\" src=\"\/wp-content\/uploads\/2016\/05\/DSCN0553-1200x900-1024x768.jpg\" alt=\"Une petite id\u00e9e du sentier.\" width=\"640\" height=\"480\" srcset=\"https:\/\/mahingan.les4as.ca\/wp-content\/uploads\/2016\/05\/DSCN0553-1200x900-1024x768.jpg 1024w, https:\/\/mahingan.les4as.ca\/wp-content\/uploads\/2016\/05\/DSCN0553-1200x900-300x225.jpg 300w, https:\/\/mahingan.les4as.ca\/wp-content\/uploads\/2016\/05\/DSCN0553-1200x900-768x576.jpg 768w, https:\/\/mahingan.les4as.ca\/wp-content\/uploads\/2016\/05\/DSCN0553-1200x900-360x270.jpg 360w, https:\/\/mahingan.les4as.ca\/wp-content\/uploads\/2016\/05\/DSCN0553-1200x900.jpg 1200w\" sizes=\"auto, (max-width: 640px) 100vw, 640px\" \/><\/a><figcaption id=\"caption-attachment-104\" class=\"wp-caption-text\">Une petite id\u00e9e du sentier.<\/figcaption><\/figure>\n<figure id=\"attachment_107\" aria-describedby=\"caption-attachment-107\" style=\"width: 640px\" class=\"wp-caption aligncenter\"><a href=\"\/wp-content\/uploads\/2016\/05\/DSCN0556-1200x900.jpg\" rel=\"noopener noreferrer\"><img loading=\"lazy\" decoding=\"async\" class=\"wp-image-107 size-large\" src=\"\/wp-content\/uploads\/2016\/05\/DSCN0556-1200x900-1024x768.jpg\" alt=\"Au sommet du mont Olympia.\" width=\"640\" height=\"480\" srcset=\"https:\/\/mahingan.les4as.ca\/wp-content\/uploads\/2016\/05\/DSCN0556-1200x900-1024x768.jpg 1024w, https:\/\/mahingan.les4as.ca\/wp-content\/uploads\/2016\/05\/DSCN0556-1200x900-300x225.jpg 300w, https:\/\/mahingan.les4as.ca\/wp-content\/uploads\/2016\/05\/DSCN0556-1200x900-768x576.jpg 768w, https:\/\/mahingan.les4as.ca\/wp-content\/uploads\/2016\/05\/DSCN0556-1200x900-360x270.jpg 360w, https:\/\/mahingan.les4as.ca\/wp-content\/uploads\/2016\/05\/DSCN0556-1200x900.jpg 1200w\" sizes=\"auto, (max-width: 640px) 100vw, 640px\" \/><\/a><figcaption id=\"caption-attachment-107\" class=\"wp-caption-text\">Au sommet du mont Olympia.<\/figcaption><\/figure>\n<figure id=\"attachment_108\" aria-describedby=\"caption-attachment-108\" style=\"width: 640px\" class=\"wp-caption aligncenter\"><a href=\"\/wp-content\/uploads\/2016\/05\/DSCN0557-1200x900.jpg\" rel=\"noopener noreferrer\"><img loading=\"lazy\" decoding=\"async\" class=\"wp-image-108 size-large\" src=\"\/wp-content\/uploads\/2016\/05\/DSCN0557-1200x900-1024x768.jpg\" alt=\"Une vue sur le mont Avila.\" width=\"640\" height=\"480\" srcset=\"https:\/\/mahingan.les4as.ca\/wp-content\/uploads\/2016\/05\/DSCN0557-1200x900-1024x768.jpg 1024w, https:\/\/mahingan.les4as.ca\/wp-content\/uploads\/2016\/05\/DSCN0557-1200x900-300x225.jpg 300w, https:\/\/mahingan.les4as.ca\/wp-content\/uploads\/2016\/05\/DSCN0557-1200x900-768x576.jpg 768w, https:\/\/mahingan.les4as.ca\/wp-content\/uploads\/2016\/05\/DSCN0557-1200x900-360x270.jpg 360w, https:\/\/mahingan.les4as.ca\/wp-content\/uploads\/2016\/05\/DSCN0557-1200x900.jpg 1200w\" sizes=\"auto, (max-width: 640px) 100vw, 640px\" \/><\/a><figcaption id=\"caption-attachment-108\" class=\"wp-caption-text\">Une vue sur le mont Avila.<\/figcaption><\/figure>\n","protected":false},"excerpt":{"rendered":"<p>R\u00e9sum\u00e9 de la randonn\u00e9e C&rsquo;est par une belle journ\u00e9e ensoleill\u00e9e que nous avons emprunt\u00e9 le sentier, charg\u00e9s de nos sacs \u00e0 dos. Cette randonn\u00e9e nous a permis de faire de belles d\u00e9couvertes. Les caches (g\u00e9ocaching) rencontr\u00e9es sur notre chemin \u00e9taient tr\u00e8s bien con\u00e7ues et se mariaient tr\u00e8s bien avec leur environnement. Pour certaines d\u2019entre elles, nous avons d\u00fb chercher vraiment longtemps tellement elles \u00e9taient bien cach\u00e9es, mais aucune ne nous a r\u00e9sist\u00e9. La temp\u00e9rature \u00e9tait un peu chaude et les&#8230;<\/p>\n<p class=\"read-more\"><a class=\"btn btn-default\" href=\"https:\/\/mahingan.les4as.ca\/?page_id=78\">Lire la suite<span class=\"screen-reader-text\"> Lire la suite<\/span><\/a><\/p>\n","protected":false},"author":1,"featured_media":0,"parent":1116,"menu_order":0,"comment_status":"open","ping_status":"open","template":"","meta":{"footnotes":""},"class_list":["post-78","page","type-page","status-publish","hentry"],"_links":{"self":[{"href":"https:\/\/mahingan.les4as.ca\/index.php?rest_route=\/wp\/v2\/pages\/78","targetHints":{"allow":["GET"]}}],"collection":[{"href":"https:\/\/mahingan.les4as.ca\/index.php?rest_route=\/wp\/v2\/pages"}],"about":[{"href":"https:\/\/mahingan.les4as.ca\/index.php?rest_route=\/wp\/v2\/types\/page"}],"author":[{"embeddable":true,"href":"https:\/\/mahingan.les4as.ca\/index.php?rest_route=\/wp\/v2\/users\/1"}],"replies":[{"embeddable":true,"href":"https:\/\/mahingan.les4as.ca\/index.php?rest_route=%2Fwp%2Fv2%2Fcomments&post=78"}],"version-history":[{"count":53,"href":"https:\/\/mahingan.les4as.ca\/index.php?rest_route=\/wp\/v2\/pages\/78\/revisions"}],"predecessor-version":[{"id":3250,"href":"https:\/\/mahingan.les4as.ca\/index.php?rest_route=\/wp\/v2\/pages\/78\/revisions\/3250"}],"up":[{"embeddable":true,"href":"https:\/\/mahingan.les4as.ca\/index.php?rest_route=\/wp\/v2\/pages\/1116"}],"wp:attachment":[{"href":"https:\/\/mahingan.les4as.ca\/index.php?rest_route=%2Fwp%2Fv2%2Fmedia&parent=78"}],"curies":[{"name":"wp","href":"https:\/\/api.w.org\/{rel}","templated":true}]}}