{"id":7396,"date":"2023-02-20T09:59:43","date_gmt":"2023-02-20T14:59:43","guid":{"rendered":"https:\/\/mahingan.les4as.ca\/?page_id=7396"},"modified":"2023-02-20T09:59:43","modified_gmt":"2023-02-20T14:59:43","slug":"pn-opemican","status":"publish","type":"page","link":"https:\/\/mahingan.les4as.ca\/?page_id=7396","title":{"rendered":"PN Op\u00e9mican"},"content":{"rendered":"\n<p>Le parc Op\u00e9mican est bord\u00e9 par les lacs T\u00e9miscamingue et Kipawa. Il a ouvert ses portes en 2018. Ce qui m\u2019a le plus impressionn\u00e9 durant mon s\u00e9jour dans ce parc, c\u2019est la population incroyable de grands pins blancs et rouges. Je n\u2019ai qu\u2019un seul mot pour d\u00e9crire le secteur&nbsp;: majestueux! Vous trouverez sous cette section tous les sentiers que nous avons explor\u00e9s avec grand plaisir.<\/p>\n\n\n\n<p>Bonne lecture!<\/p>\n\n\n\n<hr class=\"wp-block-separator has-alpha-channel-opacity\"\/>\n\n\n\n<p>Notes :<\/p>\n\n\n\n<p>\u00ab PN \u00bb est l\u2019abr\u00e9viation pour \u00ab parc national \u00bb.<\/p>\n","protected":false},"excerpt":{"rendered":"<p>Le parc Op\u00e9mican est bord\u00e9 par les lacs T\u00e9miscamingue et Kipawa. Il a ouvert ses portes en 2018. Ce qui m\u2019a le plus impressionn\u00e9 durant mon s\u00e9jour dans ce parc, c\u2019est la population incroyable de grands pins blancs et rouges. Je n\u2019ai qu\u2019un seul mot pour d\u00e9crire le secteur&nbsp;: majestueux! Vous trouverez sous cette section tous les sentiers que nous avons explor\u00e9s avec grand plaisir. Bonne lecture! Notes : \u00ab PN \u00bb est l\u2019abr\u00e9viation pour \u00ab parc national \u00bb.<\/p>\n","protected":false},"author":1,"featured_media":0,"parent":0,"menu_order":0,"comment_status":"open","ping_status":"closed","template":"","meta":{"footnotes":""},"class_list":["post-7396","page","type-page","status-publish","hentry"],"_links":{"self":[{"href":"https:\/\/mahingan.les4as.ca\/index.php?rest_route=\/wp\/v2\/pages\/7396","targetHints":{"allow":["GET"]}}],"collection":[{"href":"https:\/\/mahingan.les4as.ca\/index.php?rest_route=\/wp\/v2\/pages"}],"about":[{"href":"https:\/\/mahingan.les4as.ca\/index.php?rest_route=\/wp\/v2\/types\/page"}],"author":[{"embeddable":true,"href":"https:\/\/mahingan.les4as.ca\/index.php?rest_route=\/wp\/v2\/users\/1"}],"replies":[{"embeddable":true,"href":"https:\/\/mahingan.les4as.ca\/index.php?rest_route=%2Fwp%2Fv2%2Fcomments&post=7396"}],"version-history":[{"count":2,"href":"https:\/\/mahingan.les4as.ca\/index.php?rest_route=\/wp\/v2\/pages\/7396\/revisions"}],"predecessor-version":[{"id":7398,"href":"https:\/\/mahingan.les4as.ca\/index.php?rest_route=\/wp\/v2\/pages\/7396\/revisions\/7398"}],"wp:attachment":[{"href":"https:\/\/mahingan.les4as.ca\/index.php?rest_route=%2Fwp%2Fv2%2Fmedia&parent=7396"}],"curies":[{"name":"wp","href":"https:\/\/api.w.org\/{rel}","templated":true}]}}