{"id":7104,"date":"2022-05-28T13:33:54","date_gmt":"2022-05-28T17:33:54","guid":{"rendered":"https:\/\/mahingan.les4as.ca\/?page_id=7104"},"modified":"2022-05-28T16:38:48","modified_gmt":"2022-05-28T20:38:48","slug":"pn-mont-tremblant","status":"publish","type":"page","link":"https:\/\/mahingan.les4as.ca\/?page_id=7104","title":{"rendered":"PN Mont-Tremblant"},"content":{"rendered":"\n<p>Depuis mon enfance, je c\u00f4toie ce parc national. Jeune louveteau, j\u2019ai pass\u00e9 plusieurs \u00e9t\u00e9s \u00e0 explorer certains sentiers avec des camarades et des adultes qui nous guidaient. Bien des ann\u00e9es plus tard, c\u2019est en explorant \u00e0 nouveau les sentiers par moi-m\u00eame que toutes ces images ont resurgi de ma m\u00e9moire. Je me revoyais enfant marchant dans les sentiers et d\u00e9couvrant les m\u00eames chutes, les m\u00eames paysages. Ce f\u00fbt pour moi une r\u00e9v\u00e9lation, car j\u2019ai alors compris pourquoi j\u2019aimais tellement me promener en for\u00eat. C\u2019est inscrit dans mes g\u00e8nes, tatou\u00e9 au plus profond de mon \u00e2me. J\u2019ai un besoin vital de me retrouver r\u00e9guli\u00e8rement entour\u00e9 par la nature, d\u2019\u00eatre envelopp\u00e9 par son calme et sa beaut\u00e9 avec laquelle jamais l\u2019\u00eatre humain ne pourra rivaliser.<\/p>\n\n\n\n<p>Le saviez-vous? Le premier parc \u00e0 \u00eatre cr\u00e9\u00e9 au Qu\u00e9bec fut celui du Mont-Tremblant, le 12 janvier 1895. Vous trouverez dans cette section les sentiers que Jos\u00e9e et moi avons parcourus.<\/p>\n\n\n\n<p>Bonne lecture!<\/p>\n\n\n\n<hr class=\"wp-block-separator has-alpha-channel-opacity is-style-wide\"\/>\n\n\n\n<p>Notes :<\/p>\n\n\n\n<p>\u00ab PN \u00bb est l\u2019abr\u00e9viation pour \u00ab parc national \u00bb.<\/p>\n","protected":false},"excerpt":{"rendered":"<p>Depuis mon enfance, je c\u00f4toie ce parc national. Jeune louveteau, j\u2019ai pass\u00e9 plusieurs \u00e9t\u00e9s \u00e0 explorer certains sentiers avec des camarades et des adultes qui nous guidaient. Bien des ann\u00e9es plus tard, c\u2019est en explorant \u00e0 nouveau les sentiers par moi-m\u00eame que toutes ces images ont resurgi de ma m\u00e9moire. Je me revoyais enfant marchant dans les sentiers et d\u00e9couvrant les m\u00eames chutes, les m\u00eames paysages. Ce f\u00fbt pour moi une r\u00e9v\u00e9lation, car j\u2019ai alors compris pourquoi j\u2019aimais tellement me&#8230;<\/p>\n<p class=\"read-more\"><a class=\"btn btn-default\" href=\"https:\/\/mahingan.les4as.ca\/?page_id=7104\">Lire la suite<span class=\"screen-reader-text\"> Lire la suite<\/span><\/a><\/p>\n","protected":false},"author":1,"featured_media":0,"parent":0,"menu_order":0,"comment_status":"open","ping_status":"closed","template":"","meta":{"footnotes":""},"class_list":["post-7104","page","type-page","status-publish","hentry"],"_links":{"self":[{"href":"https:\/\/mahingan.les4as.ca\/index.php?rest_route=\/wp\/v2\/pages\/7104","targetHints":{"allow":["GET"]}}],"collection":[{"href":"https:\/\/mahingan.les4as.ca\/index.php?rest_route=\/wp\/v2\/pages"}],"about":[{"href":"https:\/\/mahingan.les4as.ca\/index.php?rest_route=\/wp\/v2\/types\/page"}],"author":[{"embeddable":true,"href":"https:\/\/mahingan.les4as.ca\/index.php?rest_route=\/wp\/v2\/users\/1"}],"replies":[{"embeddable":true,"href":"https:\/\/mahingan.les4as.ca\/index.php?rest_route=%2Fwp%2Fv2%2Fcomments&post=7104"}],"version-history":[{"count":4,"href":"https:\/\/mahingan.les4as.ca\/index.php?rest_route=\/wp\/v2\/pages\/7104\/revisions"}],"predecessor-version":[{"id":7126,"href":"https:\/\/mahingan.les4as.ca\/index.php?rest_route=\/wp\/v2\/pages\/7104\/revisions\/7126"}],"wp:attachment":[{"href":"https:\/\/mahingan.les4as.ca\/index.php?rest_route=%2Fwp%2Fv2%2Fmedia&parent=7104"}],"curies":[{"name":"wp","href":"https:\/\/api.w.org\/{rel}","templated":true}]}}