{"id":64,"date":"2016-05-26T22:45:05","date_gmt":"2016-05-27T02:45:05","guid":{"rendered":"http:\/\/mahingan.homenet.org\/wp\/?page_id=64"},"modified":"2016-06-03T20:38:50","modified_gmt":"2016-06-04T00:38:50","slug":"commentaires","status":"publish","type":"page","link":"https:\/\/mahingan.les4as.ca\/?page_id=64","title":{"rendered":"Commentaires"},"content":{"rendered":"<p>Cette page est d\u00e9di\u00e9e \u00e0 tout commentaire reli\u00e9 \u00e0 mon site Web.\u00a0 Si vous avez des id\u00e9es d&rsquo;am\u00e9liorations, des suggestions en tout genre, des questions, etc., c&rsquo;est le bon endroit pour me les communiquer.<\/p>\n","protected":false},"excerpt":{"rendered":"<p>Cette page est d\u00e9di\u00e9e \u00e0 tout commentaire reli\u00e9 \u00e0 mon site Web.\u00a0 Si vous avez des id\u00e9es d&rsquo;am\u00e9liorations, des suggestions en tout genre, des questions, etc., c&rsquo;est le bon endroit pour me les communiquer.<\/p>\n","protected":false},"author":1,"featured_media":0,"parent":288,"menu_order":0,"comment_status":"open","ping_status":"open","template":"","meta":{"footnotes":""},"class_list":["post-64","page","type-page","status-publish","hentry"],"_links":{"self":[{"href":"https:\/\/mahingan.les4as.ca\/index.php?rest_route=\/wp\/v2\/pages\/64","targetHints":{"allow":["GET"]}}],"collection":[{"href":"https:\/\/mahingan.les4as.ca\/index.php?rest_route=\/wp\/v2\/pages"}],"about":[{"href":"https:\/\/mahingan.les4as.ca\/index.php?rest_route=\/wp\/v2\/types\/page"}],"author":[{"embeddable":true,"href":"https:\/\/mahingan.les4as.ca\/index.php?rest_route=\/wp\/v2\/users\/1"}],"replies":[{"embeddable":true,"href":"https:\/\/mahingan.les4as.ca\/index.php?rest_route=%2Fwp%2Fv2%2Fcomments&post=64"}],"version-history":[{"count":4,"href":"https:\/\/mahingan.les4as.ca\/index.php?rest_route=\/wp\/v2\/pages\/64\/revisions"}],"predecessor-version":[{"id":85,"href":"https:\/\/mahingan.les4as.ca\/index.php?rest_route=\/wp\/v2\/pages\/64\/revisions\/85"}],"up":[{"embeddable":true,"href":"https:\/\/mahingan.les4as.ca\/index.php?rest_route=\/wp\/v2\/pages\/288"}],"wp:attachment":[{"href":"https:\/\/mahingan.les4as.ca\/index.php?rest_route=%2Fwp%2Fv2%2Fmedia&parent=64"}],"curies":[{"name":"wp","href":"https:\/\/api.w.org\/{rel}","templated":true}]}}