{"id":4507,"date":"2019-05-04T13:02:57","date_gmt":"2019-05-04T17:02:57","guid":{"rendered":"https:\/\/mahingan.mooo.com\/?page_id=4507"},"modified":"2022-05-28T13:21:18","modified_gmt":"2022-05-28T17:21:18","slug":"pn-du-bic","status":"publish","type":"page","link":"https:\/\/mahingan.les4as.ca\/?page_id=4507","title":{"rendered":"PN du Bic"},"content":{"rendered":"\n<p>Le parc national du Bic est situ\u00e9 dans la r\u00e9gion touristique du Bas-Saint-Laurent et est accessible via la route 132. \u00c0 l\u2019\u00e9t\u00e9 2018, nous le visitons pour une troisi\u00e8me fois. Cependant, nous avons seulement deux jours de disponible pour red\u00e9couvrir cet endroit d\u2019une grande beaut\u00e9. Mon instinct me dit que nous allons s\u00fbrement y revenir un jour. Vous trouverez dans cette section les sentiers que l\u2019on retrouve dans le parc.<br><\/p>\n\n\n\n<p>Bonne lecture!<br><\/p>\n\n\n\n<hr class=\"wp-block-separator has-css-opacity is-style-wide\"\/>\n\n\n\n<p><strong>Notes :<\/strong><br>\u00abPN\u00bb est l&rsquo;abr\u00e9viation pour \u00abparc national\u00bb.<\/p>\n","protected":false},"excerpt":{"rendered":"<p>Le parc national du Bic est situ\u00e9 dans la r\u00e9gion touristique du Bas-Saint-Laurent et est accessible via la route 132. \u00c0 l\u2019\u00e9t\u00e9 2018, nous le visitons pour une troisi\u00e8me fois. Cependant, nous avons seulement deux jours de disponible pour red\u00e9couvrir cet endroit d\u2019une grande beaut\u00e9. Mon instinct me dit que nous allons s\u00fbrement y revenir un jour. Vous trouverez dans cette section les sentiers que l\u2019on retrouve dans le parc. Bonne lecture! Notes :\u00abPN\u00bb est l&rsquo;abr\u00e9viation pour \u00abparc national\u00bb.<\/p>\n","protected":false},"author":1,"featured_media":0,"parent":0,"menu_order":0,"comment_status":"open","ping_status":"closed","template":"","meta":{"footnotes":""},"class_list":["post-4507","page","type-page","status-publish","hentry"],"_links":{"self":[{"href":"https:\/\/mahingan.les4as.ca\/index.php?rest_route=\/wp\/v2\/pages\/4507","targetHints":{"allow":["GET"]}}],"collection":[{"href":"https:\/\/mahingan.les4as.ca\/index.php?rest_route=\/wp\/v2\/pages"}],"about":[{"href":"https:\/\/mahingan.les4as.ca\/index.php?rest_route=\/wp\/v2\/types\/page"}],"author":[{"embeddable":true,"href":"https:\/\/mahingan.les4as.ca\/index.php?rest_route=\/wp\/v2\/users\/1"}],"replies":[{"embeddable":true,"href":"https:\/\/mahingan.les4as.ca\/index.php?rest_route=%2Fwp%2Fv2%2Fcomments&post=4507"}],"version-history":[{"count":4,"href":"https:\/\/mahingan.les4as.ca\/index.php?rest_route=\/wp\/v2\/pages\/4507\/revisions"}],"predecessor-version":[{"id":7107,"href":"https:\/\/mahingan.les4as.ca\/index.php?rest_route=\/wp\/v2\/pages\/4507\/revisions\/7107"}],"wp:attachment":[{"href":"https:\/\/mahingan.les4as.ca\/index.php?rest_route=%2Fwp%2Fv2%2Fmedia&parent=4507"}],"curies":[{"name":"wp","href":"https:\/\/api.w.org\/{rel}","templated":true}]}}