{"id":3872,"date":"2019-02-28T16:17:04","date_gmt":"2019-02-28T21:17:04","guid":{"rendered":"https:\/\/mahingan.mooo.com\/?page_id=3872"},"modified":"2019-05-03T17:00:22","modified_gmt":"2019-05-03T21:00:22","slug":"pn-du-lac-temiscouata","status":"publish","type":"page","link":"https:\/\/mahingan.les4as.ca\/?page_id=3872","title":{"rendered":"PN du Lac-T\u00e9miscouata"},"content":{"rendered":"\n<p>Le parc national du Lac-T\u00e9miscouata fut inaugur\u00e9 au mois de juin 2013. Nous l\u2019avons visit\u00e9 du 29 juin au 13 juillet 2013 et nous avons \u00e9t\u00e9 les premiers \u00e0 camper sur le terrain #45 dans le secteur de l\u2019Anse-\u00e0-William. Cet \u00e9t\u00e9 (juillet 2018), nous r\u00e9it\u00e9rons l\u2019exp\u00e9rience afin de parcourir le sentier national au Bas-Saint-Laurent. Vous trouverez sous cette section les sentiers que l\u2019on retrouve dans le parc. <br><\/p>\n\n\n\n<p>Bonne lecture!<\/p>\n\n\n\n<hr class=\"wp-block-separator is-style-wide\"\/>\n\n\n\n<p><strong>Notes :<\/strong><br>\u00abPN\u00bb est l&rsquo;abr\u00e9viation pour \u00abparc national\u00bb.<\/p>\n","protected":false},"excerpt":{"rendered":"<p>Le parc national du Lac-T\u00e9miscouata fut inaugur\u00e9 au mois de juin 2013. Nous l\u2019avons visit\u00e9 du 29 juin au 13 juillet 2013 et nous avons \u00e9t\u00e9 les premiers \u00e0 camper sur le terrain #45 dans le secteur de l\u2019Anse-\u00e0-William. Cet \u00e9t\u00e9 (juillet 2018), nous r\u00e9it\u00e9rons l\u2019exp\u00e9rience afin de parcourir le sentier national au Bas-Saint-Laurent. Vous trouverez sous cette section les sentiers que l\u2019on retrouve dans le parc. Bonne lecture! Notes :\u00abPN\u00bb est l&rsquo;abr\u00e9viation pour \u00abparc national\u00bb.<\/p>\n","protected":false},"author":1,"featured_media":0,"parent":0,"menu_order":0,"comment_status":"open","ping_status":"closed","template":"","meta":{"footnotes":""},"class_list":["post-3872","page","type-page","status-publish","hentry"],"_links":{"self":[{"href":"https:\/\/mahingan.les4as.ca\/index.php?rest_route=\/wp\/v2\/pages\/3872","targetHints":{"allow":["GET"]}}],"collection":[{"href":"https:\/\/mahingan.les4as.ca\/index.php?rest_route=\/wp\/v2\/pages"}],"about":[{"href":"https:\/\/mahingan.les4as.ca\/index.php?rest_route=\/wp\/v2\/types\/page"}],"author":[{"embeddable":true,"href":"https:\/\/mahingan.les4as.ca\/index.php?rest_route=\/wp\/v2\/users\/1"}],"replies":[{"embeddable":true,"href":"https:\/\/mahingan.les4as.ca\/index.php?rest_route=%2Fwp%2Fv2%2Fcomments&post=3872"}],"version-history":[{"count":5,"href":"https:\/\/mahingan.les4as.ca\/index.php?rest_route=\/wp\/v2\/pages\/3872\/revisions"}],"predecessor-version":[{"id":4511,"href":"https:\/\/mahingan.les4as.ca\/index.php?rest_route=\/wp\/v2\/pages\/3872\/revisions\/4511"}],"wp:attachment":[{"href":"https:\/\/mahingan.les4as.ca\/index.php?rest_route=%2Fwp%2Fv2%2Fmedia&parent=3872"}],"curies":[{"name":"wp","href":"https:\/\/api.w.org\/{rel}","templated":true}]}}