{"id":3452,"date":"2018-11-26T22:52:57","date_gmt":"2018-11-27T03:52:57","guid":{"rendered":"https:\/\/mahingan.mooo.com\/?page_id=3452"},"modified":"2018-12-01T22:56:13","modified_gmt":"2018-12-02T03:56:13","slug":"sentier-caroline","status":"publish","type":"page","link":"https:\/\/mahingan.les4as.ca\/?page_id=3452","title":{"rendered":"Sentier Caroline"},"content":{"rendered":"<h1>R\u00e9sum\u00e9 de la randonn\u00e9e<\/h1>\n<p>C\u2019est notre derni\u00e8re journ\u00e9e dans la r\u00e9gion de l\u2019Outaouais en compl\u00e8te autonomie et je peux vous dire que mon syst\u00e8me de recharge \u00e0 \u00e9nergie solaire a bien combl\u00e9 toutes mes attentes. La prochaine \u00e9tape sera d\u2019installer un onduleur pur sinus afin de pouvoir recharger les appareils \u00e9lectroniques tels que les ordinateurs, tablettes, lampes frontales, etc.<\/p>\n<p>Ce matin, la temp\u00e9rature est incertaine et le risque de pluie est assez \u00e9lev\u00e9. Nous emportons avec nous nos imperm\u00e9ables. Apr\u00e8s le d\u00e9jeuner, je vais porter les mati\u00e8res recyclables dans un gros bac en bois am\u00e9nag\u00e9 \u00e0 cet effet. Quelle ne fut pas ma surprise de trouver, parmi les d\u00e9chets, un jeune raton laveur apeur\u00e9 et blotti dans le fond du bac. Heureusement, nous croisons un garde parc qui sauvera ce petit curieux. En esp\u00e9rant qu\u2019il ne recommencera pas \u00e0 visiter les bacs \u00e0 recyclage et \u00e0 ordures.<\/p>\n<p>Pour atteindre le stationnement afin de parcourir le sentier Caroline, nous suivons le m\u00eame itin\u00e9raire que pour la randonn\u00e9e du <a href=\"\/?p=3386\">sentier de la Route des Zingues (\u00c9tape 2)<\/a>. Il se situe sur le Chemin du Lac Gagnon Est juste un peu avant le stationnement P6.<\/p>\n<p>Ce sentier nous permet d\u2019explorer une for\u00eat ancestrale. Il est bien balis\u00e9 et les paysages sont par moments f\u00e9\u00e9riques. En nous dirigeant vers le mont Weskarini, nous passons tout pr\u00e8s d\u2019un mar\u00e9cage. Dans cette zone, pas besoin de vous dire que les moustiques sont tr\u00e8s actifs! Puis, nous tombons sur les restes d\u2019un cerf de Virginie. Il y a des poils partout et quelques os \u00e9parpill\u00e9s. J\u2019ai une pens\u00e9e pour cet animal qui a termin\u00e9 son existence par la rencontre de pr\u00e9dateurs. Lorsque nous atteignons le mont Weskarini, les nuages sont gorg\u00e9s d\u2019eau et mena\u00e7ants. Nous nous installons confortablement afin de d\u00e9guster notre d\u00eener. Quelques minutes plus tard, la pluie commence \u00e0 tomber. Heureusement, nous avions pr\u00e9vu le coup. Nous endossons nos imperm\u00e9ables et terminons notre repas sous une pluie qui devient de plus en plus intense.<\/p>\n<p>Nous poursuivons notre randonn\u00e9e et constatons que le sentier devient de plus en plus boueux et glissant. Nous d\u00e9cidons de ne pas aller jusqu\u2019au bout du sentier Caroline, car la descente du mont Weskarini jusqu\u2019au stationnement P7 est trop abrupte et glissante. Par contre, nous d\u00e9cidons d\u2019aller au sommet du mont La Tuque. Par temps d\u00e9gag\u00e9, le point de vue doit \u00eatre magnifique au sommet de cette montagne. Avec le brouillard et la pluie qui tombe, nous avons de la difficult\u00e9 \u00e0 voir le lac Gagnon.<\/p>\n<p>Le retour vers la voiture se poursuit sous la pluie. \u00c0 la voiture, nous nous s\u00e9chons un peu avant de prendre la route pour retourner \u00e0 notre campement. Soudain, sur notre gauche, nous apercevons une grosse tortue sur le bord du chemin. Elle a creus\u00e9 un trou et a pondu ses oeufs. Je prends une position GPS du nid pour avertir les autorit\u00e9s du parc. Malheureusement, apr\u00e8s avoir expliqu\u00e9 la situation pr\u00e9caire de cette tortue et de ses oeufs, aucune intervention ne sera faite pour les sauver d\u2019une collision imminente avec un v\u00e9hicule. C\u2019est avec des sentiments de tristesse et d\u2019impuissance que nous quitterons la r\u00e9gion, d\u00e9\u00e7u de ne pas avoir r\u00e9ussi \u00e0 convaincre les autorit\u00e9s du parc de sauver ces cr\u00e9atures.<\/p>\n<h1>Informations sur la randonn\u00e9e<\/h1>\n<p><strong>Date :<\/strong> 13 juin 2018<\/p>\n<p><strong>M\u00e9t\u00e9o :<\/strong> G\u00e9n\u00e9ralement ensoleill\u00e9. Ennuagement tard le matin suivi de quelques averses, 24\u00b0C.<\/p>\n<p><strong>Nombre de caches cherch\u00e9es :<\/strong> 9<\/p>\n<p><strong>Nombre de caches trouv\u00e9es :<\/strong> 9<\/p>\n<p><strong>Distance :<\/strong> 7.3 Kilom\u00e8tres<\/p>\n<p><strong>Stationnement :<\/strong> Acc\u00e8s nord par le Chemin du lac Gagnon Est (Entre P5 et P6)<\/p>\n<p><strong>Coordonn\u00e9e GPS du stationnement :<\/strong> N 46\u00b006.551&prime; W 075\u00b005.219&prime;<\/p>\n<p><strong>Lien vers la carte du sentier :<\/strong> <a href=\"\/wp-content\/uploads\/cartes\/SentierNationalQuebec\/Outaouais\/LR1088_04.pdf\" rel=\"noopener noreferrer\">Sentier Caroline<\/a><\/p>\n<p><strong>Lien vers le profil du sentier :<\/strong> <a href=\"\/wp-content\/uploads\/2018\/11\/Profil_SentierCaroline.jpg\" rel=\"noopener noreferrer\">Profil du sentier Caroline<\/a><\/p>\n<p><strong>Fichier gpx pour le GPS :<\/strong> <a href=\"\/wp-content\/uploads\/gpx\/Track_Sentier_Caroline.gpx\" rel=\"noopener noreferrer\">Track_Sentier_Caroline.gpx<\/a><\/p>\n<p><strong>Parcours :<\/strong> Lin\u00e9aire<\/p>\n<p><strong>Temps total pour la randonn\u00e9e :<\/strong> 3 heures 38 minutes<\/p>\n<p><strong>Temps de d\u00e9placement :<\/strong> 2 heures 20 minutes<\/p>\n<p><strong>Temps d&rsquo;arr\u00eat :<\/strong> 1 heure 18 minutes<\/p>\n<p><strong>Liste des caches trouv\u00e9es :<\/strong> GC3T2CK, GC3T2CZ, GC3T2DB, GC3T2E1,\u00a0 C3T2EG, GC3T2EV, GC3T2FX, GC1HFYZ, GC3T2G4<\/p>\n<h1>Photos de la randonn\u00e9e<\/h1>\n<figure id=\"attachment_3443\" aria-describedby=\"caption-attachment-3443\" style=\"width: 640px\" class=\"wp-caption aligncenter\"><a href=\"\/wp-content\/uploads\/2018\/11\/DSCN3601.jpg\"><img loading=\"lazy\" decoding=\"async\" class=\"size-large wp-image-3443\" src=\"\/wp-content\/uploads\/2018\/11\/DSCN3601-1024x768.jpg\" alt=\"\" width=\"640\" height=\"480\" srcset=\"https:\/\/mahingan.les4as.ca\/wp-content\/uploads\/2018\/11\/DSCN3601-1024x768.jpg 1024w, https:\/\/mahingan.les4as.ca\/wp-content\/uploads\/2018\/11\/DSCN3601-300x225.jpg 300w, https:\/\/mahingan.les4as.ca\/wp-content\/uploads\/2018\/11\/DSCN3601-768x576.jpg 768w, https:\/\/mahingan.les4as.ca\/wp-content\/uploads\/2018\/11\/DSCN3601-360x270.jpg 360w, https:\/\/mahingan.les4as.ca\/wp-content\/uploads\/2018\/11\/DSCN3601.jpg 1200w\" sizes=\"auto, (max-width: 640px) 100vw, 640px\" \/><\/a><figcaption id=\"caption-attachment-3443\" class=\"wp-caption-text\">Le d\u00e9but du sentier.<br \/>N 46\u00b006.556&prime; W 075\u00b005.232&prime;<\/figcaption><\/figure>\n<div id='gallery-1' class='gallery galleryid-3452 gallery-columns-2 gallery-size-large'><figure class='gallery-item'>\n\t\t\t<div class='gallery-icon landscape'>\n\t\t\t\t<a href='https:\/\/mahingan.les4as.ca\/wp-content\/uploads\/2018\/11\/DSCN3613.jpg'><img loading=\"lazy\" decoding=\"async\" width=\"640\" height=\"480\" src=\"https:\/\/mahingan.les4as.ca\/wp-content\/uploads\/2018\/11\/DSCN3613-1024x768.jpg\" class=\"attachment-large size-large\" alt=\"\" aria-describedby=\"gallery-1-3448\" srcset=\"https:\/\/mahingan.les4as.ca\/wp-content\/uploads\/2018\/11\/DSCN3613-1024x768.jpg 1024w, https:\/\/mahingan.les4as.ca\/wp-content\/uploads\/2018\/11\/DSCN3613-300x225.jpg 300w, https:\/\/mahingan.les4as.ca\/wp-content\/uploads\/2018\/11\/DSCN3613-768x576.jpg 768w, https:\/\/mahingan.les4as.ca\/wp-content\/uploads\/2018\/11\/DSCN3613-360x270.jpg 360w, https:\/\/mahingan.les4as.ca\/wp-content\/uploads\/2018\/11\/DSCN3613.jpg 1200w\" sizes=\"auto, (max-width: 640px) 100vw, 640px\" \/><\/a>\n\t\t\t<\/div>\n\t\t\t\t<figcaption class='wp-caption-text gallery-caption' id='gallery-1-3448'>\n\t\t\t\tCet endroit fut t\u00e9moin d&rsquo;une trag\u00e9die pour ce cerf de Virginie.\n\t\t\t\t<\/figcaption><\/figure><figure class='gallery-item'>\n\t\t\t<div class='gallery-icon landscape'>\n\t\t\t\t<a href='https:\/\/mahingan.les4as.ca\/wp-content\/uploads\/2018\/11\/DSCN3614.jpg'><img loading=\"lazy\" decoding=\"async\" width=\"640\" height=\"480\" src=\"https:\/\/mahingan.les4as.ca\/wp-content\/uploads\/2018\/11\/DSCN3614-1024x768.jpg\" class=\"attachment-large size-large\" alt=\"\" aria-describedby=\"gallery-1-3449\" srcset=\"https:\/\/mahingan.les4as.ca\/wp-content\/uploads\/2018\/11\/DSCN3614-1024x768.jpg 1024w, https:\/\/mahingan.les4as.ca\/wp-content\/uploads\/2018\/11\/DSCN3614-300x225.jpg 300w, https:\/\/mahingan.les4as.ca\/wp-content\/uploads\/2018\/11\/DSCN3614-768x576.jpg 768w, https:\/\/mahingan.les4as.ca\/wp-content\/uploads\/2018\/11\/DSCN3614-360x270.jpg 360w, https:\/\/mahingan.les4as.ca\/wp-content\/uploads\/2018\/11\/DSCN3614.jpg 1200w\" sizes=\"auto, (max-width: 640px) 100vw, 640px\" \/><\/a>\n\t\t\t<\/div>\n\t\t\t\t<figcaption class='wp-caption-text gallery-caption' id='gallery-1-3449'>\n\t\t\t\tComme quoi la vie d&rsquo;un \u00eatre peut rapidement basculer.\n\t\t\t\t<\/figcaption><\/figure>\n\t\t<\/div>\n\n<figure id=\"attachment_3451\" aria-describedby=\"caption-attachment-3451\" style=\"width: 640px\" class=\"wp-caption aligncenter\"><a href=\"\/wp-content\/uploads\/2018\/11\/MontWeskarini.jpg\"><img loading=\"lazy\" decoding=\"async\" class=\"size-large wp-image-3451\" src=\"\/wp-content\/uploads\/2018\/11\/MontWeskarini-1024x473.jpg\" alt=\"\" width=\"640\" height=\"296\" srcset=\"https:\/\/mahingan.les4as.ca\/wp-content\/uploads\/2018\/11\/MontWeskarini-1024x473.jpg 1024w, https:\/\/mahingan.les4as.ca\/wp-content\/uploads\/2018\/11\/MontWeskarini-300x139.jpg 300w, https:\/\/mahingan.les4as.ca\/wp-content\/uploads\/2018\/11\/MontWeskarini-768x355.jpg 768w, https:\/\/mahingan.les4as.ca\/wp-content\/uploads\/2018\/11\/MontWeskarini-585x270.jpg 585w, https:\/\/mahingan.les4as.ca\/wp-content\/uploads\/2018\/11\/MontWeskarini.jpg 1200w\" sizes=\"auto, (max-width: 640px) 100vw, 640px\" \/><\/a><figcaption id=\"caption-attachment-3451\" class=\"wp-caption-text\">Le lac Gagnon vu du mont Weskarini.<br \/>N 46\u00b006.409&prime; W 075\u00b006.429&prime;<\/figcaption><\/figure>\n<figure id=\"attachment_3444\" aria-describedby=\"caption-attachment-3444\" style=\"width: 640px\" class=\"wp-caption aligncenter\"><a href=\"\/wp-content\/uploads\/2018\/11\/DSCN3604.jpg\"><img loading=\"lazy\" decoding=\"async\" class=\"size-large wp-image-3444\" src=\"\/wp-content\/uploads\/2018\/11\/DSCN3604-1024x768.jpg\" alt=\"\" width=\"640\" height=\"480\" srcset=\"https:\/\/mahingan.les4as.ca\/wp-content\/uploads\/2018\/11\/DSCN3604-1024x768.jpg 1024w, https:\/\/mahingan.les4as.ca\/wp-content\/uploads\/2018\/11\/DSCN3604-300x225.jpg 300w, https:\/\/mahingan.les4as.ca\/wp-content\/uploads\/2018\/11\/DSCN3604-768x576.jpg 768w, https:\/\/mahingan.les4as.ca\/wp-content\/uploads\/2018\/11\/DSCN3604-360x270.jpg 360w, https:\/\/mahingan.les4as.ca\/wp-content\/uploads\/2018\/11\/DSCN3604.jpg 1200w\" sizes=\"auto, (max-width: 640px) 100vw, 640px\" \/><\/a><figcaption id=\"caption-attachment-3444\" class=\"wp-caption-text\">Pijiw assise au sommet du mont Weskarini pour d\u00eener.<br \/>N 46\u00b006.409&prime; W 075\u00b006.429&prime;<\/figcaption><\/figure>\n<figure id=\"attachment_3445\" aria-describedby=\"caption-attachment-3445\" style=\"width: 640px\" class=\"wp-caption aligncenter\"><a href=\"\/wp-content\/uploads\/2018\/11\/DSCN3606.jpg\"><img loading=\"lazy\" decoding=\"async\" class=\"size-large wp-image-3445\" src=\"\/wp-content\/uploads\/2018\/11\/DSCN3606-1024x768.jpg\" alt=\"\" width=\"640\" height=\"480\" srcset=\"https:\/\/mahingan.les4as.ca\/wp-content\/uploads\/2018\/11\/DSCN3606-1024x768.jpg 1024w, https:\/\/mahingan.les4as.ca\/wp-content\/uploads\/2018\/11\/DSCN3606-300x225.jpg 300w, https:\/\/mahingan.les4as.ca\/wp-content\/uploads\/2018\/11\/DSCN3606-768x576.jpg 768w, https:\/\/mahingan.les4as.ca\/wp-content\/uploads\/2018\/11\/DSCN3606-360x270.jpg 360w, https:\/\/mahingan.les4as.ca\/wp-content\/uploads\/2018\/11\/DSCN3606.jpg 1200w\" sizes=\"auto, (max-width: 640px) 100vw, 640px\" \/><\/a><figcaption id=\"caption-attachment-3445\" class=\"wp-caption-text\">Des beaux sourires au sommet du mont Weskarini.<br \/>N 46\u00b006.409&prime; W 075\u00b006.429&prime;<\/figcaption><\/figure>\n<figure id=\"attachment_3446\" aria-describedby=\"caption-attachment-3446\" style=\"width: 640px\" class=\"wp-caption aligncenter\"><a href=\"\/wp-content\/uploads\/2018\/11\/DSCN3609.jpg\"><img loading=\"lazy\" decoding=\"async\" class=\"size-large wp-image-3446\" src=\"\/wp-content\/uploads\/2018\/11\/DSCN3609-1024x768.jpg\" alt=\"\" width=\"640\" height=\"480\" srcset=\"https:\/\/mahingan.les4as.ca\/wp-content\/uploads\/2018\/11\/DSCN3609-1024x768.jpg 1024w, https:\/\/mahingan.les4as.ca\/wp-content\/uploads\/2018\/11\/DSCN3609-300x225.jpg 300w, https:\/\/mahingan.les4as.ca\/wp-content\/uploads\/2018\/11\/DSCN3609-768x576.jpg 768w, https:\/\/mahingan.les4as.ca\/wp-content\/uploads\/2018\/11\/DSCN3609-360x270.jpg 360w, https:\/\/mahingan.les4as.ca\/wp-content\/uploads\/2018\/11\/DSCN3609.jpg 1200w\" sizes=\"auto, (max-width: 640px) 100vw, 640px\" \/><\/a><figcaption id=\"caption-attachment-3446\" class=\"wp-caption-text\">Des beaux bisous au sommet du mont WesKarini.<br \/>N 46\u00b006.409&prime; W 075\u00b006.429&prime;<\/figcaption><\/figure>\n<figure id=\"attachment_3447\" aria-describedby=\"caption-attachment-3447\" style=\"width: 640px\" class=\"wp-caption aligncenter\"><a href=\"\/wp-content\/uploads\/2018\/11\/DSCN3610.jpg\"><img loading=\"lazy\" decoding=\"async\" class=\"size-large wp-image-3447\" src=\"\/wp-content\/uploads\/2018\/11\/DSCN3610-1024x768.jpg\" alt=\"\" width=\"640\" height=\"480\" srcset=\"https:\/\/mahingan.les4as.ca\/wp-content\/uploads\/2018\/11\/DSCN3610-1024x768.jpg 1024w, https:\/\/mahingan.les4as.ca\/wp-content\/uploads\/2018\/11\/DSCN3610-300x225.jpg 300w, https:\/\/mahingan.les4as.ca\/wp-content\/uploads\/2018\/11\/DSCN3610-768x576.jpg 768w, https:\/\/mahingan.les4as.ca\/wp-content\/uploads\/2018\/11\/DSCN3610-360x270.jpg 360w, https:\/\/mahingan.les4as.ca\/wp-content\/uploads\/2018\/11\/DSCN3610.jpg 1200w\" sizes=\"auto, (max-width: 640px) 100vw, 640px\" \/><\/a><figcaption id=\"caption-attachment-3447\" class=\"wp-caption-text\">Une vue sur le lac Videlet du mont Weskarini.<br \/>N 46\u00b006.409&prime; W 075\u00b006.429&prime;<\/figcaption><\/figure>\n<figure id=\"attachment_3455\" aria-describedby=\"caption-attachment-3455\" style=\"width: 640px\" class=\"wp-caption aligncenter\"><a href=\"\/wp-content\/uploads\/2018\/11\/DSC00073.jpg\"><img loading=\"lazy\" decoding=\"async\" class=\"size-large wp-image-3455\" src=\"\/wp-content\/uploads\/2018\/11\/DSC00073-1024x768.jpg\" alt=\"\" width=\"640\" height=\"480\" srcset=\"https:\/\/mahingan.les4as.ca\/wp-content\/uploads\/2018\/11\/DSC00073-1024x768.jpg 1024w, https:\/\/mahingan.les4as.ca\/wp-content\/uploads\/2018\/11\/DSC00073-300x225.jpg 300w, https:\/\/mahingan.les4as.ca\/wp-content\/uploads\/2018\/11\/DSC00073-768x576.jpg 768w, https:\/\/mahingan.les4as.ca\/wp-content\/uploads\/2018\/11\/DSC00073-360x270.jpg 360w, https:\/\/mahingan.les4as.ca\/wp-content\/uploads\/2018\/11\/DSC00073.jpg 1200w\" sizes=\"auto, (max-width: 640px) 100vw, 640px\" \/><\/a><figcaption id=\"caption-attachment-3455\" class=\"wp-caption-text\">Une vue \u00e0 travers le brouillard et la pluie, sur le lac Gagnon de la montagne La Tuque.<br \/>N 46\u00b006.161&prime; W 075\u00b006.349&prime;<\/figcaption><\/figure>\n<figure id=\"attachment_3450\" aria-describedby=\"caption-attachment-3450\" style=\"width: 640px\" class=\"wp-caption aligncenter\"><a href=\"\/wp-content\/uploads\/2018\/11\/DSCN3617.jpg\"><img loading=\"lazy\" decoding=\"async\" class=\"size-large wp-image-3450\" src=\"\/wp-content\/uploads\/2018\/11\/DSCN3617-1024x768.jpg\" alt=\"\" width=\"640\" height=\"480\" srcset=\"https:\/\/mahingan.les4as.ca\/wp-content\/uploads\/2018\/11\/DSCN3617-1024x768.jpg 1024w, https:\/\/mahingan.les4as.ca\/wp-content\/uploads\/2018\/11\/DSCN3617-300x225.jpg 300w, https:\/\/mahingan.les4as.ca\/wp-content\/uploads\/2018\/11\/DSCN3617-768x576.jpg 768w, https:\/\/mahingan.les4as.ca\/wp-content\/uploads\/2018\/11\/DSCN3617-360x270.jpg 360w, https:\/\/mahingan.les4as.ca\/wp-content\/uploads\/2018\/11\/DSCN3617.jpg 1200w\" sizes=\"auto, (max-width: 640px) 100vw, 640px\" \/><\/a><figcaption id=\"caption-attachment-3450\" class=\"wp-caption-text\">Une tortue dans son nid sur le bord de la route.<\/figcaption><\/figure>\n","protected":false},"excerpt":{"rendered":"<p>R\u00e9sum\u00e9 de la randonn\u00e9e C\u2019est notre derni\u00e8re journ\u00e9e dans la r\u00e9gion de l\u2019Outaouais en compl\u00e8te autonomie et je peux vous dire que mon syst\u00e8me de recharge \u00e0 \u00e9nergie solaire a bien combl\u00e9 toutes mes attentes. La prochaine \u00e9tape sera d\u2019installer un onduleur pur sinus afin de pouvoir recharger les appareils \u00e9lectroniques tels que les ordinateurs, tablettes, lampes frontales, etc. Ce matin, la temp\u00e9rature est incertaine et le risque de pluie est assez \u00e9lev\u00e9. Nous emportons avec nous nos imperm\u00e9ables. Apr\u00e8s&#8230;<\/p>\n<p class=\"read-more\"><a class=\"btn btn-default\" href=\"https:\/\/mahingan.les4as.ca\/?page_id=3452\">Lire la suite<span class=\"screen-reader-text\"> Lire la suite<\/span><\/a><\/p>\n","protected":false},"author":1,"featured_media":3464,"parent":0,"menu_order":0,"comment_status":"open","ping_status":"open","template":"","meta":{"footnotes":""},"class_list":["post-3452","page","type-page","status-publish","has-post-thumbnail","hentry"],"_links":{"self":[{"href":"https:\/\/mahingan.les4as.ca\/index.php?rest_route=\/wp\/v2\/pages\/3452","targetHints":{"allow":["GET"]}}],"collection":[{"href":"https:\/\/mahingan.les4as.ca\/index.php?rest_route=\/wp\/v2\/pages"}],"about":[{"href":"https:\/\/mahingan.les4as.ca\/index.php?rest_route=\/wp\/v2\/types\/page"}],"author":[{"embeddable":true,"href":"https:\/\/mahingan.les4as.ca\/index.php?rest_route=\/wp\/v2\/users\/1"}],"replies":[{"embeddable":true,"href":"https:\/\/mahingan.les4as.ca\/index.php?rest_route=%2Fwp%2Fv2%2Fcomments&post=3452"}],"version-history":[{"count":7,"href":"https:\/\/mahingan.les4as.ca\/index.php?rest_route=\/wp\/v2\/pages\/3452\/revisions"}],"predecessor-version":[{"id":3520,"href":"https:\/\/mahingan.les4as.ca\/index.php?rest_route=\/wp\/v2\/pages\/3452\/revisions\/3520"}],"wp:featuredmedia":[{"embeddable":true,"href":"https:\/\/mahingan.les4as.ca\/index.php?rest_route=\/wp\/v2\/media\/3464"}],"wp:attachment":[{"href":"https:\/\/mahingan.les4as.ca\/index.php?rest_route=%2Fwp%2Fv2%2Fmedia&parent=3452"}],"curies":[{"name":"wp","href":"https:\/\/api.w.org\/{rel}","templated":true}]}}