{"id":2886,"date":"2018-05-27T20:19:13","date_gmt":"2018-05-28T00:19:13","guid":{"rendered":"http:\/\/mahingan.mooo.com\/wp\/?page_id=2886"},"modified":"2018-06-01T15:00:18","modified_gmt":"2018-06-01T19:00:18","slug":"sia","status":"publish","type":"page","link":"https:\/\/mahingan.les4as.ca\/?page_id=2886","title":{"rendered":"PN de la Gasp\u00e9sie"},"content":{"rendered":"<p>Pour terminer notre saison de camping \u00e0 l\u2019\u00e9t\u00e9 2017, nous visitons le parc national de la Gasp\u00e9sie. C\u2019est un endroit tout simplement f\u00e9\u00e9rique et nous le revisiterons s\u00fbrement un jour afin d\u2019explorer d\u2019autres tron\u00e7ons du SIA. Peut-\u00eatre m\u00eame que nous entreprendrions la longue randonn\u00e9e de 110 kilom\u00e8tres qui s\u00e9pare le mont Logan jusqu\u2019au mont Jacques-Cartier.<\/p>\n<p>Vous trouverez dans les sous-sections de ce menu les randonn\u00e9es que nous avons parcourues durant notre s\u00e9jour de cinq jours au parc national de la Gasp\u00e9sie.<\/p>\n<hr \/>\n<p><strong>Notes :<\/strong><br \/>\n\u00abPN\u00bb est l&rsquo;abr\u00e9viation pour \u00abparc national\u00bb.<br \/>\n\u00abSIA\u00bb est l&rsquo;abr\u00e9viation pour \u00abSentier International des Appalaches\u00bb.<\/p>\n","protected":false},"excerpt":{"rendered":"<p>Pour terminer notre saison de camping \u00e0 l\u2019\u00e9t\u00e9 2017, nous visitons le parc national de la Gasp\u00e9sie. C\u2019est un endroit tout simplement f\u00e9\u00e9rique et nous le revisiterons s\u00fbrement un jour afin d\u2019explorer d\u2019autres tron\u00e7ons du SIA. Peut-\u00eatre m\u00eame que nous entreprendrions la longue randonn\u00e9e de 110 kilom\u00e8tres qui s\u00e9pare le mont Logan jusqu\u2019au mont Jacques-Cartier. Vous trouverez dans les sous-sections de ce menu les randonn\u00e9es que nous avons parcourues durant notre s\u00e9jour de cinq jours au parc national de la&#8230;<\/p>\n<p class=\"read-more\"><a class=\"btn btn-default\" href=\"https:\/\/mahingan.les4as.ca\/?page_id=2886\">Lire la suite<span class=\"screen-reader-text\"> Lire la suite<\/span><\/a><\/p>\n","protected":false},"author":1,"featured_media":0,"parent":0,"menu_order":0,"comment_status":"open","ping_status":"open","template":"","meta":{"footnotes":""},"class_list":["post-2886","page","type-page","status-publish","hentry"],"_links":{"self":[{"href":"https:\/\/mahingan.les4as.ca\/index.php?rest_route=\/wp\/v2\/pages\/2886","targetHints":{"allow":["GET"]}}],"collection":[{"href":"https:\/\/mahingan.les4as.ca\/index.php?rest_route=\/wp\/v2\/pages"}],"about":[{"href":"https:\/\/mahingan.les4as.ca\/index.php?rest_route=\/wp\/v2\/types\/page"}],"author":[{"embeddable":true,"href":"https:\/\/mahingan.les4as.ca\/index.php?rest_route=\/wp\/v2\/users\/1"}],"replies":[{"embeddable":true,"href":"https:\/\/mahingan.les4as.ca\/index.php?rest_route=%2Fwp%2Fv2%2Fcomments&post=2886"}],"version-history":[{"count":6,"href":"https:\/\/mahingan.les4as.ca\/index.php?rest_route=\/wp\/v2\/pages\/2886\/revisions"}],"predecessor-version":[{"id":2912,"href":"https:\/\/mahingan.les4as.ca\/index.php?rest_route=\/wp\/v2\/pages\/2886\/revisions\/2912"}],"wp:attachment":[{"href":"https:\/\/mahingan.les4as.ca\/index.php?rest_route=%2Fwp%2Fv2%2Fmedia&parent=2886"}],"curies":[{"name":"wp","href":"https:\/\/api.w.org\/{rel}","templated":true}]}}