{"id":277,"date":"2016-06-03T19:48:28","date_gmt":"2016-06-03T23:48:28","guid":{"rendered":"http:\/\/mahingan.homenet.org\/wp\/?page_id=277"},"modified":"2016-06-03T20:38:22","modified_gmt":"2016-06-04T00:38:22","slug":"remerciements","status":"publish","type":"page","link":"https:\/\/mahingan.les4as.ca\/?page_id=277","title":{"rendered":"Remerciements"},"content":{"rendered":"<p>J&rsquo;aimerais t\u00e9moigner ma reconnaissance \u00e0 mon fils Dominik Courcelles pour le temps qu&rsquo;il investit dans la r\u00e9vision et la correction de mes textes, sans qui ce site Web ne serait pas de cette qualit\u00e9. Un gros merci Dom!<\/p>\n<p>Il m&rsquo;est impossible de passer sous silence les commentaires et encouragements de mon \u00e9pouse, Jos\u00e9e Massie alias Pijiw. Elle est la testeuse du site par excellence. Tout comme au jeu de g\u00e9ocaching o\u00f9 aucune cache ne lui r\u00e9siste en for\u00eat, aucun bug ne peut se dissimuler bien longtemps sur le site.\u00a0Pour un concepteur, c\u2019est quelque fois exasp\u00e9rant, mais essentiel \u00e0 la qualit\u00e9 du site. Heureusement qu&rsquo;elle a bon caract\u00e8re afin de supporter le mien. Un gros merci \u00e0 toi mon amour.<\/p>\n<p>&nbsp;<\/p>\n","protected":false},"excerpt":{"rendered":"<p>J&rsquo;aimerais t\u00e9moigner ma reconnaissance \u00e0 mon fils Dominik Courcelles pour le temps qu&rsquo;il investit dans la r\u00e9vision et la correction de mes textes, sans qui ce site Web ne serait pas de cette qualit\u00e9. Un gros merci Dom! Il m&rsquo;est impossible de passer sous silence les commentaires et encouragements de mon \u00e9pouse, Jos\u00e9e Massie alias Pijiw. Elle est la testeuse du site par excellence. Tout comme au jeu de g\u00e9ocaching o\u00f9 aucune cache ne lui r\u00e9siste en for\u00eat, aucun bug&#8230;<\/p>\n<p class=\"read-more\"><a class=\"btn btn-default\" href=\"https:\/\/mahingan.les4as.ca\/?page_id=277\">Lire la suite<span class=\"screen-reader-text\"> Lire la suite<\/span><\/a><\/p>\n","protected":false},"author":1,"featured_media":0,"parent":0,"menu_order":0,"comment_status":"closed","ping_status":"closed","template":"","meta":{"footnotes":""},"class_list":["post-277","page","type-page","status-publish","hentry"],"_links":{"self":[{"href":"https:\/\/mahingan.les4as.ca\/index.php?rest_route=\/wp\/v2\/pages\/277","targetHints":{"allow":["GET"]}}],"collection":[{"href":"https:\/\/mahingan.les4as.ca\/index.php?rest_route=\/wp\/v2\/pages"}],"about":[{"href":"https:\/\/mahingan.les4as.ca\/index.php?rest_route=\/wp\/v2\/types\/page"}],"author":[{"embeddable":true,"href":"https:\/\/mahingan.les4as.ca\/index.php?rest_route=\/wp\/v2\/users\/1"}],"replies":[{"embeddable":true,"href":"https:\/\/mahingan.les4as.ca\/index.php?rest_route=%2Fwp%2Fv2%2Fcomments&post=277"}],"version-history":[{"count":12,"href":"https:\/\/mahingan.les4as.ca\/index.php?rest_route=\/wp\/v2\/pages\/277\/revisions"}],"predecessor-version":[{"id":295,"href":"https:\/\/mahingan.les4as.ca\/index.php?rest_route=\/wp\/v2\/pages\/277\/revisions\/295"}],"wp:attachment":[{"href":"https:\/\/mahingan.les4as.ca\/index.php?rest_route=%2Fwp%2Fv2%2Fmedia&parent=277"}],"curies":[{"name":"wp","href":"https:\/\/api.w.org\/{rel}","templated":true}]}}