{"id":1459,"date":"2017-08-05T20:46:41","date_gmt":"2017-08-06T00:46:41","guid":{"rendered":"http:\/\/mahingan.homenet.org\/wp\/?page_id=1459"},"modified":"2018-06-01T15:01:29","modified_gmt":"2018-06-01T19:01:29","slug":"parc-national-de-la-mauricie","status":"publish","type":"page","link":"https:\/\/mahingan.les4as.ca\/?page_id=1459","title":{"rendered":"PC de la Mauricie"},"content":{"rendered":"<p>\u00c0 l&rsquo;\u00e9t\u00e9 2017, nous profitons du 150e anniversaire du Canada pour faire du camping et explorer le parc national du Canada de la Mauricie. La route de 63 kilom\u00e8tres qui nous permet de circuler \u00e0 l\u2019int\u00e9rieur du parc, de l\u2019entr\u00e9e Saint-Jean-des-Piles \u00e0 l\u2019entr\u00e9e Saint-Mathieu, est bien entretenue et agr\u00e9able \u00e0 emprunter en voiture. Par contre, le mois de juin n\u2019est pas le meilleur mois de l\u2019ann\u00e9e pour visiter le parc, car nous devons affronter quotidiennement des hordes de moustiques sanguinaires et assoiff\u00e9s.<\/p>\n<p>Vous trouverez dans les sous-sections de ce menu les endroits que nous visitons pour nous permettre de nous reposer un peu entre deux randonn\u00e9es du sentier national de la Mauricie. Pijiw trouve que j\u2019ai une dr\u00f4le de mani\u00e8re de me reposer! Tous les sentiers que nous parcourons sont tr\u00e8s bien entretenus et d\u2019une grande beaut\u00e9. Nous n\u2019avons malheureusement pas pu explorer \u00e0 fond le parc durant notre s\u00e9jour par manque de temps. Cela nous donne un pr\u00e9texte pour revenir un jour visiter ce beau parc national.<\/p>\n<hr \/>\n<p><strong>Note : <\/strong><br \/>\n\u00abPC\u00bb est l&rsquo;abr\u00e9viation pour \u00abParc national du Canada\u00bb.<\/p>\n","protected":false},"excerpt":{"rendered":"<p>\u00c0 l&rsquo;\u00e9t\u00e9 2017, nous profitons du 150e anniversaire du Canada pour faire du camping et explorer le parc national du Canada de la Mauricie. La route de 63 kilom\u00e8tres qui nous permet de circuler \u00e0 l\u2019int\u00e9rieur du parc, de l\u2019entr\u00e9e Saint-Jean-des-Piles \u00e0 l\u2019entr\u00e9e Saint-Mathieu, est bien entretenue et agr\u00e9able \u00e0 emprunter en voiture. Par contre, le mois de juin n\u2019est pas le meilleur mois de l\u2019ann\u00e9e pour visiter le parc, car nous devons affronter quotidiennement des hordes de moustiques sanguinaires&#8230;<\/p>\n<p class=\"read-more\"><a class=\"btn btn-default\" href=\"https:\/\/mahingan.les4as.ca\/?page_id=1459\">Lire la suite<span class=\"screen-reader-text\"> Lire la suite<\/span><\/a><\/p>\n","protected":false},"author":1,"featured_media":0,"parent":0,"menu_order":0,"comment_status":"open","ping_status":"open","template":"","meta":{"footnotes":""},"class_list":["post-1459","page","type-page","status-publish","hentry"],"_links":{"self":[{"href":"https:\/\/mahingan.les4as.ca\/index.php?rest_route=\/wp\/v2\/pages\/1459","targetHints":{"allow":["GET"]}}],"collection":[{"href":"https:\/\/mahingan.les4as.ca\/index.php?rest_route=\/wp\/v2\/pages"}],"about":[{"href":"https:\/\/mahingan.les4as.ca\/index.php?rest_route=\/wp\/v2\/types\/page"}],"author":[{"embeddable":true,"href":"https:\/\/mahingan.les4as.ca\/index.php?rest_route=\/wp\/v2\/users\/1"}],"replies":[{"embeddable":true,"href":"https:\/\/mahingan.les4as.ca\/index.php?rest_route=%2Fwp%2Fv2%2Fcomments&post=1459"}],"version-history":[{"count":7,"href":"https:\/\/mahingan.les4as.ca\/index.php?rest_route=\/wp\/v2\/pages\/1459\/revisions"}],"predecessor-version":[{"id":2899,"href":"https:\/\/mahingan.les4as.ca\/index.php?rest_route=\/wp\/v2\/pages\/1459\/revisions\/2899"}],"wp:attachment":[{"href":"https:\/\/mahingan.les4as.ca\/index.php?rest_route=%2Fwp%2Fv2%2Fmedia&parent=1459"}],"curies":[{"name":"wp","href":"https:\/\/api.w.org\/{rel}","templated":true}]}}