{"id":1116,"date":"2017-01-06T09:42:14","date_gmt":"2017-01-06T14:42:14","guid":{"rendered":"http:\/\/mahingan.homenet.org\/wp\/?page_id=1116"},"modified":"2019-05-05T20:46:58","modified_gmt":"2019-05-06T00:46:58","slug":"autres-sentiers","status":"publish","type":"page","link":"https:\/\/mahingan.les4as.ca\/?page_id=1116","title":{"rendered":"Autres sentiers parcourus"},"content":{"rendered":"\n<p>Sous ce volet \u00ab\u00a0Autres sentiers parcourus\u00a0\u00bb, vous trouverez tous les sentiers que nous avons parcourus dans les parcs ou autres et qui ne font pas parties en g\u00e9n\u00e9ral du sentier national au Qu\u00e9bec. <\/p>\n\n\n\n<p>Bonne lecture et bonne d\u00e9couverte!<\/p>\n","protected":false},"excerpt":{"rendered":"<p>Sous ce volet \u00ab\u00a0Autres sentiers parcourus\u00a0\u00bb, vous trouverez tous les sentiers que nous avons parcourus dans les parcs ou autres et qui ne font pas parties en g\u00e9n\u00e9ral du sentier national au Qu\u00e9bec. Bonne lecture et bonne d\u00e9couverte!<\/p>\n","protected":false},"author":1,"featured_media":0,"parent":0,"menu_order":0,"comment_status":"closed","ping_status":"closed","template":"","meta":{"footnotes":""},"class_list":["post-1116","page","type-page","status-publish","hentry"],"_links":{"self":[{"href":"https:\/\/mahingan.les4as.ca\/index.php?rest_route=\/wp\/v2\/pages\/1116","targetHints":{"allow":["GET"]}}],"collection":[{"href":"https:\/\/mahingan.les4as.ca\/index.php?rest_route=\/wp\/v2\/pages"}],"about":[{"href":"https:\/\/mahingan.les4as.ca\/index.php?rest_route=\/wp\/v2\/types\/page"}],"author":[{"embeddable":true,"href":"https:\/\/mahingan.les4as.ca\/index.php?rest_route=\/wp\/v2\/users\/1"}],"replies":[{"embeddable":true,"href":"https:\/\/mahingan.les4as.ca\/index.php?rest_route=%2Fwp%2Fv2%2Fcomments&post=1116"}],"version-history":[{"count":12,"href":"https:\/\/mahingan.les4as.ca\/index.php?rest_route=\/wp\/v2\/pages\/1116\/revisions"}],"predecessor-version":[{"id":4544,"href":"https:\/\/mahingan.les4as.ca\/index.php?rest_route=\/wp\/v2\/pages\/1116\/revisions\/4544"}],"wp:attachment":[{"href":"https:\/\/mahingan.les4as.ca\/index.php?rest_route=%2Fwp%2Fv2%2Fmedia&parent=1116"}],"curies":[{"name":"wp","href":"https:\/\/api.w.org\/{rel}","templated":true}]}}