{"id":1114,"date":"2017-01-28T09:47:20","date_gmt":"2017-01-28T14:47:20","guid":{"rendered":"http:\/\/mahingan.homenet.org\/wp\/?page_id=1114"},"modified":"2018-10-17T20:46:17","modified_gmt":"2018-10-18T00:46:17","slug":"sentier-de-la-falaise-au-lac-saint-bernard","status":"publish","type":"page","link":"https:\/\/mahingan.les4as.ca\/?page_id=1114","title":{"rendered":"Sentier de la Falaise au lac Saint-Bernard"},"content":{"rendered":"<h1>R\u00e9sum\u00e9 de la randonn\u00e9e<\/h1>\n<p>C\u2019est notre derni\u00e8re journ\u00e9e de vacances. Demain matin, nous quittons la magnifique r\u00e9gion de la Mauricie. Puisque la veille nous avons parcouru une bonne distance sur le <a href=\"\/?p=845\" rel=\"noopener noreferrer\">sentier du Tonnerre<\/a>, aujourd\u2019hui nous allons explorer le sentier de la Falaise qui est une petite randonn\u00e9e de quelques heures. Ce sentier est agr\u00e9able \u00e0 emprunter. Il est assez fr\u00e9quent\u00e9 par les campeurs du lac Saint-Bernard. Lorsque nous atteignons le sommet, un belv\u00e9d\u00e8re nous permet d\u2019avoir une vue magnifique sur le lac Saint-Bernard. Pendant que nous prenons une petite pause collation, un hydravion vole juste au-dessus de nos t\u00eates. Le retour s\u2019effectue sans probl\u00e8me. Apr\u00e8s le souper, nous d\u00e9cidons d\u2019aller sur le bord du lac Saint-Bernard afin d\u2019observer pour la derni\u00e8re fois le coucher du soleil. Demain, nous l\u00e8verons le campement. Nous reviendrons probablement l\u2019\u00e9t\u00e9 prochain (2017) pour essayer de terminer tous les tron\u00e7ons du SNQ de la Mauricie que nous n\u2019avons pas pu explorer cette ann\u00e9e.<\/p>\n<h1>Informations sur la randonn\u00e9e<\/h1>\n<p><strong>Date:<\/strong> 19 ao\u00fbt 2016<\/p>\n<p><strong>M\u00e9t\u00e9o:<\/strong> Ensoleill\u00e9 avec passages nuageux, 26\u00b0C. Facteur humidex, 31\u00b0C.<\/p>\n<p><strong>Nombre de caches cherch\u00e9es:<\/strong> 4<\/p>\n<p><strong>Nombre de caches trouv\u00e9es:<\/strong> 4<\/p>\n<p><strong>Distance:<\/strong> 9.0 Kilom\u00e8tres<\/p>\n<p><strong>Stationnement:<\/strong> Camping du lac Saint-Bernard, r\u00e9serve faunique Mastigouche.<\/p>\n<p><strong>Coordonn\u00e9e GPS du stationnement:<\/strong> N 46\u00b034.554&prime; W 073\u00b016.731&prime;<\/p>\n<p><strong>Lien vers la carte du sentier:<\/strong> <a href=\"\/wp-content\/uploads\/cartes\/SentierNationalQuebec\/Mauricie\/LR0132_05.pdf\" rel=\"noopener noreferrer\">Sentier de la Falaise au lac Saint-Bernard<\/a><\/p>\n<p><strong>Lien vers le profil du sentier:<\/strong> <a href=\"\/wp-content\/uploads\/2017\/01\/Profil_SentierDeLaFalaiseAuLacSaintBernard.jpg\" rel=\"noopener noreferrer\">Profil du sentier de la Falaise au lac Saint-Bernard<\/a><\/p>\n<p style=\"text-align: left;\"><strong>Fichier gpx pour le GPS:<\/strong> <a href=\"\/wp-content\/uploads\/gpx\/Track_Sentier_De_La_Falaise_Au_Lac_Saint_Bernard.gpx\" rel=\"noopener noreferrer\">Track_Sentier_De_La_Falaise_Au_Lac_Saint_Bernard.gpx<\/a><\/p>\n<p style=\"text-align: left;\"><strong>Parcours:<\/strong> Lin\u00e9aire<\/p>\n<p style=\"text-align: left;\"><strong>Temps total pour la randonn\u00e9e:<\/strong> 3 heures 35 minutes<\/p>\n<p style=\"text-align: left;\"><strong>Temps de d\u00e9placement:<\/strong> 2 heures 24 minutes<\/p>\n<p style=\"text-align: left;\"><strong>Temps d&rsquo;arr\u00eat:<\/strong> 1 heures 11 minutes<\/p>\n<p><strong>Liste des caches trouv\u00e9es:<\/strong> GC5G2FP, GC5G2G7, GC5G2GE, GC5G2GR<\/p>\n<figure id=\"attachment_1143\" aria-describedby=\"caption-attachment-1143\" style=\"width: 640px\" class=\"wp-caption aligncenter\"><a href=\"\/wp-content\/uploads\/2017\/01\/TraceGPS_SentierDeLaFalaiseAuLacSaintBernard.jpg\" rel=\"noopener noreferrer\"><img loading=\"lazy\" decoding=\"async\" class=\"wp-image-1143 size-large\" src=\"\/wp-content\/uploads\/2017\/01\/TraceGPS_SentierDeLaFalaiseAuLacSaintBernard-1024x566.jpg\" width=\"640\" height=\"354\" srcset=\"https:\/\/mahingan.les4as.ca\/wp-content\/uploads\/2017\/01\/TraceGPS_SentierDeLaFalaiseAuLacSaintBernard-1024x566.jpg 1024w, https:\/\/mahingan.les4as.ca\/wp-content\/uploads\/2017\/01\/TraceGPS_SentierDeLaFalaiseAuLacSaintBernard-300x166.jpg 300w, https:\/\/mahingan.les4as.ca\/wp-content\/uploads\/2017\/01\/TraceGPS_SentierDeLaFalaiseAuLacSaintBernard-768x424.jpg 768w, https:\/\/mahingan.les4as.ca\/wp-content\/uploads\/2017\/01\/TraceGPS_SentierDeLaFalaiseAuLacSaintBernard-489x270.jpg 489w, https:\/\/mahingan.les4as.ca\/wp-content\/uploads\/2017\/01\/TraceGPS_SentierDeLaFalaiseAuLacSaintBernard-1038x576.jpg 1038w, https:\/\/mahingan.les4as.ca\/wp-content\/uploads\/2017\/01\/TraceGPS_SentierDeLaFalaiseAuLacSaintBernard.jpg 1128w\" sizes=\"auto, (max-width: 640px) 100vw, 640px\" \/><\/a><figcaption id=\"caption-attachment-1143\" class=\"wp-caption-text\">Trac\u00e9 GPS de la randonn\u00e9e sur le sentier de la Falaise au lac Saint-Bernard.<\/figcaption><\/figure>\n<h1>Photos de la randonn\u00e9e<\/h1>\n<figure id=\"attachment_1130\" aria-describedby=\"caption-attachment-1130\" style=\"width: 640px\" class=\"wp-caption aligncenter\"><a href=\"\/wp-content\/uploads\/2017\/01\/DSCN1270.jpg\" rel=\"noopener noreferrer\"><img loading=\"lazy\" decoding=\"async\" class=\"wp-image-1130 size-large\" src=\"\/wp-content\/uploads\/2017\/01\/DSCN1270-1024x768.jpg\" width=\"640\" height=\"480\" srcset=\"https:\/\/mahingan.les4as.ca\/wp-content\/uploads\/2017\/01\/DSCN1270-1024x768.jpg 1024w, https:\/\/mahingan.les4as.ca\/wp-content\/uploads\/2017\/01\/DSCN1270-300x225.jpg 300w, https:\/\/mahingan.les4as.ca\/wp-content\/uploads\/2017\/01\/DSCN1270-768x576.jpg 768w, https:\/\/mahingan.les4as.ca\/wp-content\/uploads\/2017\/01\/DSCN1270-360x270.jpg 360w, https:\/\/mahingan.les4as.ca\/wp-content\/uploads\/2017\/01\/DSCN1270.jpg 1200w\" sizes=\"auto, (max-width: 640px) 100vw, 640px\" \/><\/a><figcaption id=\"caption-attachment-1130\" class=\"wp-caption-text\">Pijiw au d\u00e9but du sentier.<br \/> N 46\u00b034.257&prime; W 073\u00b016.444&prime;<\/figcaption><\/figure>\n<figure id=\"attachment_1131\" aria-describedby=\"caption-attachment-1131\" style=\"width: 640px\" class=\"wp-caption aligncenter\"><a href=\"\/wp-content\/uploads\/2017\/01\/DSCN1271.jpg\" rel=\"noopener noreferrer\"><img loading=\"lazy\" decoding=\"async\" class=\"wp-image-1131 size-large\" src=\"\/wp-content\/uploads\/2017\/01\/DSCN1271-1024x768.jpg\" width=\"640\" height=\"480\" srcset=\"https:\/\/mahingan.les4as.ca\/wp-content\/uploads\/2017\/01\/DSCN1271-1024x768.jpg 1024w, https:\/\/mahingan.les4as.ca\/wp-content\/uploads\/2017\/01\/DSCN1271-300x225.jpg 300w, https:\/\/mahingan.les4as.ca\/wp-content\/uploads\/2017\/01\/DSCN1271-768x576.jpg 768w, https:\/\/mahingan.les4as.ca\/wp-content\/uploads\/2017\/01\/DSCN1271-360x270.jpg 360w, https:\/\/mahingan.les4as.ca\/wp-content\/uploads\/2017\/01\/DSCN1271.jpg 1200w\" sizes=\"auto, (max-width: 640px) 100vw, 640px\" \/><\/a><figcaption id=\"caption-attachment-1131\" class=\"wp-caption-text\">Moi, Mahingan, au d\u00e9but du sentier.<br \/>N 46\u00b034.257&prime; W 073\u00b016.444&prime;<\/figcaption><\/figure>\n<figure id=\"attachment_1134\" aria-describedby=\"caption-attachment-1134\" style=\"width: 640px\" class=\"wp-caption aligncenter\"><a href=\"\/wp-content\/uploads\/2017\/01\/DSCN1280.jpg\" rel=\"noopener noreferrer\"><img loading=\"lazy\" decoding=\"async\" class=\"wp-image-1134 size-large\" src=\"\/wp-content\/uploads\/2017\/01\/DSCN1280-1024x768.jpg\" width=\"640\" height=\"480\" srcset=\"https:\/\/mahingan.les4as.ca\/wp-content\/uploads\/2017\/01\/DSCN1280-1024x768.jpg 1024w, https:\/\/mahingan.les4as.ca\/wp-content\/uploads\/2017\/01\/DSCN1280-300x225.jpg 300w, https:\/\/mahingan.les4as.ca\/wp-content\/uploads\/2017\/01\/DSCN1280-768x576.jpg 768w, https:\/\/mahingan.les4as.ca\/wp-content\/uploads\/2017\/01\/DSCN1280-360x270.jpg 360w, https:\/\/mahingan.les4as.ca\/wp-content\/uploads\/2017\/01\/DSCN1280.jpg 1200w\" sizes=\"auto, (max-width: 640px) 100vw, 640px\" \/><\/a><figcaption id=\"caption-attachment-1134\" class=\"wp-caption-text\">Mahingan qui porte son regard sur le lac Saint-Bernard.<br \/> N 46\u00b034.016&prime; W 073\u00b016.166&prime;<\/figcaption><\/figure>\n<figure id=\"attachment_1133\" aria-describedby=\"caption-attachment-1133\" style=\"width: 640px\" class=\"wp-caption aligncenter\"><a href=\"\/wp-content\/uploads\/2017\/01\/DSCN1278.jpg\" rel=\"noopener noreferrer\"><img loading=\"lazy\" decoding=\"async\" class=\"wp-image-1133 size-large\" src=\"\/wp-content\/uploads\/2017\/01\/DSCN1278-1024x768.jpg\" width=\"640\" height=\"480\" srcset=\"https:\/\/mahingan.les4as.ca\/wp-content\/uploads\/2017\/01\/DSCN1278-1024x768.jpg 1024w, https:\/\/mahingan.les4as.ca\/wp-content\/uploads\/2017\/01\/DSCN1278-300x225.jpg 300w, https:\/\/mahingan.les4as.ca\/wp-content\/uploads\/2017\/01\/DSCN1278-768x576.jpg 768w, https:\/\/mahingan.les4as.ca\/wp-content\/uploads\/2017\/01\/DSCN1278-360x270.jpg 360w, https:\/\/mahingan.les4as.ca\/wp-content\/uploads\/2017\/01\/DSCN1278.jpg 1200w\" sizes=\"auto, (max-width: 640px) 100vw, 640px\" \/><\/a><figcaption id=\"caption-attachment-1133\" class=\"wp-caption-text\">Le lac Saint-Bernard, vu du belv\u00e9d\u00e8re.<br \/> N 46\u00b034.016&prime; W 073\u00b016.166&prime;<\/figcaption><\/figure>\n<figure id=\"attachment_1136\" aria-describedby=\"caption-attachment-1136\" style=\"width: 640px\" class=\"wp-caption aligncenter\"><a href=\"\/wp-content\/uploads\/2017\/01\/DSCN1284.jpg\" rel=\"noopener noreferrer\"><img loading=\"lazy\" decoding=\"async\" class=\"wp-image-1136 size-large\" src=\"\/wp-content\/uploads\/2017\/01\/DSCN1284-1024x768.jpg\" width=\"640\" height=\"480\" srcset=\"https:\/\/mahingan.les4as.ca\/wp-content\/uploads\/2017\/01\/DSCN1284-1024x768.jpg 1024w, https:\/\/mahingan.les4as.ca\/wp-content\/uploads\/2017\/01\/DSCN1284-300x225.jpg 300w, https:\/\/mahingan.les4as.ca\/wp-content\/uploads\/2017\/01\/DSCN1284-768x576.jpg 768w, https:\/\/mahingan.les4as.ca\/wp-content\/uploads\/2017\/01\/DSCN1284-360x270.jpg 360w, https:\/\/mahingan.les4as.ca\/wp-content\/uploads\/2017\/01\/DSCN1284.jpg 1200w\" sizes=\"auto, (max-width: 640px) 100vw, 640px\" \/><\/a><figcaption id=\"caption-attachment-1136\" class=\"wp-caption-text\">Mahingan et son regard per\u00e7ant sous ses lunettes fum\u00e9es.<br \/> N 46\u00b034.016&prime; W 073\u00b016.166&prime;<\/figcaption><\/figure>\n<figure id=\"attachment_1132\" aria-describedby=\"caption-attachment-1132\" style=\"width: 640px\" class=\"wp-caption aligncenter\"><a href=\"\/wp-content\/uploads\/2017\/01\/DSCN1276.jpg\" rel=\"noopener noreferrer\"><img loading=\"lazy\" decoding=\"async\" class=\"wp-image-1132 size-large\" src=\"\/wp-content\/uploads\/2017\/01\/DSCN1276-1024x768.jpg\" width=\"640\" height=\"480\" srcset=\"https:\/\/mahingan.les4as.ca\/wp-content\/uploads\/2017\/01\/DSCN1276-1024x768.jpg 1024w, https:\/\/mahingan.les4as.ca\/wp-content\/uploads\/2017\/01\/DSCN1276-300x225.jpg 300w, https:\/\/mahingan.les4as.ca\/wp-content\/uploads\/2017\/01\/DSCN1276-768x576.jpg 768w, https:\/\/mahingan.les4as.ca\/wp-content\/uploads\/2017\/01\/DSCN1276-360x270.jpg 360w, https:\/\/mahingan.les4as.ca\/wp-content\/uploads\/2017\/01\/DSCN1276.jpg 1200w\" sizes=\"auto, (max-width: 640px) 100vw, 640px\" \/><\/a><figcaption id=\"caption-attachment-1132\" class=\"wp-caption-text\">Un hydravion qui passe juste au dessus de nos t\u00eates.<br \/> N 46\u00b034.016&prime; W 073\u00b016.166&prime;<\/figcaption><\/figure>\n<figure id=\"attachment_1135\" aria-describedby=\"caption-attachment-1135\" style=\"width: 640px\" class=\"wp-caption aligncenter\"><a href=\"\/wp-content\/uploads\/2017\/01\/DSCN1281.jpg\" rel=\"noopener noreferrer\"><img loading=\"lazy\" decoding=\"async\" class=\"wp-image-1135 size-large\" src=\"\/wp-content\/uploads\/2017\/01\/DSCN1281-1024x768.jpg\" width=\"640\" height=\"480\" srcset=\"https:\/\/mahingan.les4as.ca\/wp-content\/uploads\/2017\/01\/DSCN1281-1024x768.jpg 1024w, https:\/\/mahingan.les4as.ca\/wp-content\/uploads\/2017\/01\/DSCN1281-300x225.jpg 300w, https:\/\/mahingan.les4as.ca\/wp-content\/uploads\/2017\/01\/DSCN1281-768x576.jpg 768w, https:\/\/mahingan.les4as.ca\/wp-content\/uploads\/2017\/01\/DSCN1281-360x270.jpg 360w, https:\/\/mahingan.les4as.ca\/wp-content\/uploads\/2017\/01\/DSCN1281.jpg 1200w\" sizes=\"auto, (max-width: 640px) 100vw, 640px\" \/><\/a><figcaption id=\"caption-attachment-1135\" class=\"wp-caption-text\">\u00c0 l&rsquo;\u00e9t\u00e9 prochain pour la suite de l&rsquo;exploration des sentiers de la Mauricie!<br \/> N 46\u00b034.016&prime; W 073\u00b016.166&prime;<\/figcaption><\/figure>\n<figure id=\"attachment_1137\" aria-describedby=\"caption-attachment-1137\" style=\"width: 640px\" class=\"wp-caption aligncenter\"><a href=\"\/wp-content\/uploads\/2017\/01\/DSCN1305.jpg\" rel=\"noopener noreferrer\"><img loading=\"lazy\" decoding=\"async\" class=\"wp-image-1137 size-large\" src=\"\/wp-content\/uploads\/2017\/01\/DSCN1305-1024x768.jpg\" width=\"640\" height=\"480\" srcset=\"https:\/\/mahingan.les4as.ca\/wp-content\/uploads\/2017\/01\/DSCN1305-1024x768.jpg 1024w, https:\/\/mahingan.les4as.ca\/wp-content\/uploads\/2017\/01\/DSCN1305-300x225.jpg 300w, https:\/\/mahingan.les4as.ca\/wp-content\/uploads\/2017\/01\/DSCN1305-768x576.jpg 768w, https:\/\/mahingan.les4as.ca\/wp-content\/uploads\/2017\/01\/DSCN1305-360x270.jpg 360w, https:\/\/mahingan.les4as.ca\/wp-content\/uploads\/2017\/01\/DSCN1305.jpg 1200w\" sizes=\"auto, (max-width: 640px) 100vw, 640px\" \/><\/a><figcaption id=\"caption-attachment-1137\" class=\"wp-caption-text\">Le soleil dit bonsoir au lac Saint-Bernard.<br \/> N 46\u00b034.287&prime; W 073\u00b016.556&prime;<\/figcaption><\/figure>\n<div id='gallery-1' class='gallery galleryid-1114 gallery-columns-2 gallery-size-large'><figure class='gallery-item'>\n\t\t\t<div class='gallery-icon landscape'>\n\t\t\t\t<a href='https:\/\/mahingan.les4as.ca\/wp-content\/uploads\/2017\/01\/DSCN1317.jpg'><img loading=\"lazy\" decoding=\"async\" width=\"640\" height=\"480\" src=\"https:\/\/mahingan.les4as.ca\/wp-content\/uploads\/2017\/01\/DSCN1317-1024x768.jpg\" class=\"attachment-large size-large\" alt=\"\" aria-describedby=\"gallery-1-1139\" srcset=\"https:\/\/mahingan.les4as.ca\/wp-content\/uploads\/2017\/01\/DSCN1317-1024x768.jpg 1024w, https:\/\/mahingan.les4as.ca\/wp-content\/uploads\/2017\/01\/DSCN1317-300x225.jpg 300w, https:\/\/mahingan.les4as.ca\/wp-content\/uploads\/2017\/01\/DSCN1317-768x576.jpg 768w, https:\/\/mahingan.les4as.ca\/wp-content\/uploads\/2017\/01\/DSCN1317-360x270.jpg 360w, https:\/\/mahingan.les4as.ca\/wp-content\/uploads\/2017\/01\/DSCN1317.jpg 1200w\" sizes=\"auto, (max-width: 640px) 100vw, 640px\" \/><\/a>\n\t\t\t<\/div>\n\t\t\t\t<figcaption class='wp-caption-text gallery-caption' id='gallery-1-1139'>\n\t\t\t\tLe soleil dit bonsoir au lac Saint-Bernard.<br\/>N 46\u00b034.287&prime; W 073\u00b016.556&prime;\n\t\t\t\t<\/figcaption><\/figure><figure class='gallery-item'>\n\t\t\t<div class='gallery-icon landscape'>\n\t\t\t\t<a href='https:\/\/mahingan.les4as.ca\/wp-content\/uploads\/2017\/01\/DSCN1314.jpg'><img loading=\"lazy\" decoding=\"async\" width=\"640\" height=\"480\" src=\"https:\/\/mahingan.les4as.ca\/wp-content\/uploads\/2017\/01\/DSCN1314-1024x768.jpg\" class=\"attachment-large size-large\" alt=\"\" aria-describedby=\"gallery-1-1138\" srcset=\"https:\/\/mahingan.les4as.ca\/wp-content\/uploads\/2017\/01\/DSCN1314-1024x768.jpg 1024w, https:\/\/mahingan.les4as.ca\/wp-content\/uploads\/2017\/01\/DSCN1314-300x225.jpg 300w, https:\/\/mahingan.les4as.ca\/wp-content\/uploads\/2017\/01\/DSCN1314-768x576.jpg 768w, https:\/\/mahingan.les4as.ca\/wp-content\/uploads\/2017\/01\/DSCN1314-360x270.jpg 360w, https:\/\/mahingan.les4as.ca\/wp-content\/uploads\/2017\/01\/DSCN1314.jpg 1200w\" sizes=\"auto, (max-width: 640px) 100vw, 640px\" \/><\/a>\n\t\t\t<\/div>\n\t\t\t\t<figcaption class='wp-caption-text gallery-caption' id='gallery-1-1138'>\n\t\t\t\tLe soleil dit bonsoir au lac Saint-Bernard.<br\/>N 46\u00b034.287&prime; W 073\u00b016.556&prime;\n\t\t\t\t<\/figcaption><\/figure>\n\t\t<\/div>\n\n<figure id=\"attachment_1140\" aria-describedby=\"caption-attachment-1140\" style=\"width: 640px\" class=\"wp-caption aligncenter\"><a href=\"\/wp-content\/uploads\/2017\/01\/DSCN1328.jpg\" rel=\"noopener noreferrer\"><img loading=\"lazy\" decoding=\"async\" class=\"wp-image-1140 size-large\" src=\"\/wp-content\/uploads\/2017\/01\/DSCN1328-1024x768.jpg\" width=\"640\" height=\"480\" srcset=\"https:\/\/mahingan.les4as.ca\/wp-content\/uploads\/2017\/01\/DSCN1328-1024x768.jpg 1024w, https:\/\/mahingan.les4as.ca\/wp-content\/uploads\/2017\/01\/DSCN1328-300x225.jpg 300w, https:\/\/mahingan.les4as.ca\/wp-content\/uploads\/2017\/01\/DSCN1328-768x576.jpg 768w, https:\/\/mahingan.les4as.ca\/wp-content\/uploads\/2017\/01\/DSCN1328-360x270.jpg 360w, https:\/\/mahingan.les4as.ca\/wp-content\/uploads\/2017\/01\/DSCN1328.jpg 1200w\" sizes=\"auto, (max-width: 640px) 100vw, 640px\" \/><\/a><figcaption id=\"caption-attachment-1140\" class=\"wp-caption-text\">Le soleil dit bonsoir au lac Saint-Bernard.<br \/> N 46\u00b034.287&prime; W 073\u00b016.556&prime;<\/figcaption><\/figure>\n","protected":false},"excerpt":{"rendered":"<p>R\u00e9sum\u00e9 de la randonn\u00e9e C\u2019est notre derni\u00e8re journ\u00e9e de vacances. Demain matin, nous quittons la magnifique r\u00e9gion de la Mauricie. Puisque la veille nous avons parcouru une bonne distance sur le sentier du Tonnerre, aujourd\u2019hui nous allons explorer le sentier de la Falaise qui est une petite randonn\u00e9e de quelques heures. Ce sentier est agr\u00e9able \u00e0 emprunter. Il est assez fr\u00e9quent\u00e9 par les campeurs du lac Saint-Bernard. Lorsque nous atteignons le sommet, un belv\u00e9d\u00e8re nous permet d\u2019avoir une vue magnifique&#8230;<\/p>\n<p class=\"read-more\"><a class=\"btn btn-default\" href=\"https:\/\/mahingan.les4as.ca\/?page_id=1114\">Lire la suite<span class=\"screen-reader-text\"> Lire la suite<\/span><\/a><\/p>\n","protected":false},"author":1,"featured_media":1137,"parent":1116,"menu_order":0,"comment_status":"open","ping_status":"open","template":"","meta":{"footnotes":""},"class_list":["post-1114","page","type-page","status-publish","has-post-thumbnail","hentry"],"_links":{"self":[{"href":"https:\/\/mahingan.les4as.ca\/index.php?rest_route=\/wp\/v2\/pages\/1114","targetHints":{"allow":["GET"]}}],"collection":[{"href":"https:\/\/mahingan.les4as.ca\/index.php?rest_route=\/wp\/v2\/pages"}],"about":[{"href":"https:\/\/mahingan.les4as.ca\/index.php?rest_route=\/wp\/v2\/types\/page"}],"author":[{"embeddable":true,"href":"https:\/\/mahingan.les4as.ca\/index.php?rest_route=\/wp\/v2\/users\/1"}],"replies":[{"embeddable":true,"href":"https:\/\/mahingan.les4as.ca\/index.php?rest_route=%2Fwp%2Fv2%2Fcomments&post=1114"}],"version-history":[{"count":18,"href":"https:\/\/mahingan.les4as.ca\/index.php?rest_route=\/wp\/v2\/pages\/1114\/revisions"}],"predecessor-version":[{"id":3251,"href":"https:\/\/mahingan.les4as.ca\/index.php?rest_route=\/wp\/v2\/pages\/1114\/revisions\/3251"}],"up":[{"embeddable":true,"href":"https:\/\/mahingan.les4as.ca\/index.php?rest_route=\/wp\/v2\/pages\/1116"}],"wp:featuredmedia":[{"embeddable":true,"href":"https:\/\/mahingan.les4as.ca\/index.php?rest_route=\/wp\/v2\/media\/1137"}],"wp:attachment":[{"href":"https:\/\/mahingan.les4as.ca\/index.php?rest_route=%2Fwp%2Fv2%2Fmedia&parent=1114"}],"curies":[{"name":"wp","href":"https:\/\/api.w.org\/{rel}","templated":true}]}}